{"id":3747,"date":"2026-05-09T10:37:46","date_gmt":"2026-05-09T07:37:46","guid":{"rendered":"https:\/\/imgezen.com\/?page_id=3747"},"modified":"2026-05-09T10:39:45","modified_gmt":"2026-05-09T07:39:45","slug":"gorence-dergisi-sayi-45","status":"publish","type":"page","link":"https:\/\/imgezen.com\/index.php\/gorence-dergisi-sayi-45\/","title":{"rendered":"G\u00d6RENCE DERG\u0130S\u0130 SAYI: 45"},"content":{"rendered":"\n<div class=\"_df_book df-lite\" id=\"df_3750\"  _slug=\"mayis-2026\" data-title=\"mayis-2026\" wpoptions=\"true\" thumbtype=\"\" ><\/div><script class=\"df-shortcode-script\" nowprocket type=\"application\/javascript\">window.option_df_3750 = {\"outline\":[],\"autoEnableOutline\":\"false\",\"autoEnableThumbnail\":\"false\",\"overwritePDFOutline\":\"false\",\"direction\":\"1\",\"pageSize\":\"0\",\"source\":\"https:\\\/\\\/imgezen.com\\\/wp-content\\\/uploads\\\/2026\\\/05\\\/Gorence-Mayis-45.sayi-2026.pdf\",\"wpOptions\":\"true\"}; if(window.DFLIP && window.DFLIP.parseBooks){window.DFLIP.parseBooks();}<\/script>\n\n\n\n<div class=\"wp-block-file\"><object class=\"wp-block-file__embed\" data=\"https:\/\/imgezen.com\/wp-content\/uploads\/2026\/05\/Gorence-Mayis-45.sayi-2026.pdf\" type=\"application\/pdf\" style=\"width:100%;height:600px\" aria-label=\"Go\u0308rence May\u0131s 45.say\u0131 2026 g\u00f6m\u00fcs\u00fc.\"><\/object><a id=\"wp-block-file--media-6c34d0e8-01ff-4cce-87e3-580a4faed821\" href=\"https:\/\/imgezen.com\/wp-content\/uploads\/2026\/05\/Gorence-Mayis-45.sayi-2026.pdf\">Go\u0308rence May\u0131s 45.say\u0131 2026<\/a><a href=\"https:\/\/imgezen.com\/wp-content\/uploads\/2026\/05\/Gorence-Mayis-45.sayi-2026.pdf\" class=\"wp-block-file__button wp-element-button\" download aria-describedby=\"wp-block-file--media-6c34d0e8-01ff-4cce-87e3-580a4faed821\">\u0130ndir<\/a><\/div>\n","protected":false},"excerpt":{"rendered":"window.option_df_3750 = {\"outline\":[],\"autoEnableOutline\":\"false\",\"autoEnableThumbnail\":\"false\",\"overwritePDFOutline\":\"false\",\"direction\":\"1\",\"pageSize\":\"0\",\"source\":\"https:\\\/\\\/imgezen.com\\\/wp-content\\\/uploads\\\/2026\\\/05\\\/Gorence-Mayis-45.sayi-2026.pdf\",\"wpOptions\":\"true\"}; if(window.DFLIP && window.DFLIP.parseBooks){window.DFLIP.parseBooks();} Go\u0308rence May\u0131s 45.say\u0131 2026\u0130ndir","protected":false},"author":1,"featured_media":0,"parent":0,"menu_order":0,"comment_status":"closed","ping_status":"closed","template":"","meta":[],"_links":{"self":[{"href":"https:\/\/imgezen.com\/index.php\/wp-json\/wp\/v2\/pages\/3747"}],"collection":[{"href":"https:\/\/imgezen.com\/index.php\/wp-json\/wp\/v2\/pages"}],"about":[{"href":"https:\/\/imgezen.com\/index.php\/wp-json\/wp\/v2\/types\/page"}],"author":[{"embeddable":true,"href":"https:\/\/imgezen.com\/index.php\/wp-json\/wp\/v2\/users\/1"}],"replies":[{"embeddable":true,"href":"https:\/\/imgezen.com\/index.php\/wp-json\/wp\/v2\/comments?post=3747"}],"version-history":[{"count":3,"href":"https:\/\/imgezen.com\/index.php\/wp-json\/wp\/v2\/pages\/3747\/revisions"}],"predecessor-version":[{"id":3754,"href":"https:\/\/imgezen.com\/index.php\/wp-json\/wp\/v2\/pages\/3747\/revisions\/3754"}],"wp:attachment":[{"href":"https:\/\/imgezen.com\/index.php\/wp-json\/wp\/v2\/media?parent=3747"}],"curies":[{"name":"wp","href":"https:\/\/api.w.org\/{rel}","templated":true}]}}