{"id":3708,"date":"2026-04-13T20:36:37","date_gmt":"2026-04-13T17:36:37","guid":{"rendered":"https:\/\/imgezen.com\/?page_id=3708"},"modified":"2026-04-20T13:22:16","modified_gmt":"2026-04-20T10:22:16","slug":"gorence-dergisi-sayi-44","status":"publish","type":"page","link":"https:\/\/imgezen.com\/index.php\/gorence-dergisi-sayi-44\/","title":{"rendered":"G\u00d6RENCE DERG\u0130S\u0130 SAYI: 44"},"content":{"rendered":"\n<div class=\"_df_book df-lite\" id=\"df_3705\"  _slug=\"nisan-2026\" data-title=\"nisan-2026\" wpoptions=\"true\" thumbtype=\"\" ><\/div><script class=\"df-shortcode-script\" nowprocket type=\"application\/javascript\">window.option_df_3705 = {\"outline\":[],\"autoEnableOutline\":\"false\",\"autoEnableThumbnail\":\"false\",\"overwritePDFOutline\":\"false\",\"direction\":\"1\",\"pageSize\":\"0\",\"source\":\"https:\\\/\\\/imgezen.com\\\/wp-content\\\/uploads\\\/2026\\\/04\\\/Gorence-Nisan-44.sayi_.pdf\",\"wpOptions\":\"true\"}; if(window.DFLIP && window.DFLIP.parseBooks){window.DFLIP.parseBooks();}<\/script>\n\n\n\n<div class=\"wp-block-file\"><object class=\"wp-block-file__embed\" data=\"https:\/\/imgezen.com\/wp-content\/uploads\/2026\/04\/Gorence-Nisan-44.sayi_.pdf\" type=\"application\/pdf\" style=\"width:100%;height:600px\" aria-label=\"G\u00f6rence Nisan 44.say\u0131 g\u00f6m\u00fcs\u00fc.\"><\/object><a id=\"wp-block-file--media-c502817a-fd33-4ce0-b437-8963e45afab7\" href=\"https:\/\/imgezen.com\/wp-content\/uploads\/2026\/04\/Gorence-Nisan-44.sayi_.pdf\">G\u00f6rence Nisan 44.say\u0131<\/a><a href=\"https:\/\/imgezen.com\/wp-content\/uploads\/2026\/04\/Gorence-Nisan-44.sayi_.pdf\" class=\"wp-block-file__button wp-element-button\" download aria-describedby=\"wp-block-file--media-c502817a-fd33-4ce0-b437-8963e45afab7\">\u0130ndir<\/a><\/div>\n","protected":false},"excerpt":{"rendered":"window.option_df_3705 = {\"outline\":[],\"autoEnableOutline\":\"false\",\"autoEnableThumbnail\":\"false\",\"overwritePDFOutline\":\"false\",\"direction\":\"1\",\"pageSize\":\"0\",\"source\":\"https:\\\/\\\/imgezen.com\\\/wp-content\\\/uploads\\\/2026\\\/04\\\/Gorence-Nisan-44.sayi_.pdf\",\"wpOptions\":\"true\"}; if(window.DFLIP && window.DFLIP.parseBooks){window.DFLIP.parseBooks();} G\u00f6rence Nisan 44.say\u0131\u0130ndir","protected":false},"author":1,"featured_media":0,"parent":0,"menu_order":0,"comment_status":"closed","ping_status":"closed","template":"","meta":[],"_links":{"self":[{"href":"https:\/\/imgezen.com\/index.php\/wp-json\/wp\/v2\/pages\/3708"}],"collection":[{"href":"https:\/\/imgezen.com\/index.php\/wp-json\/wp\/v2\/pages"}],"about":[{"href":"https:\/\/imgezen.com\/index.php\/wp-json\/wp\/v2\/types\/page"}],"author":[{"embeddable":true,"href":"https:\/\/imgezen.com\/index.php\/wp-json\/wp\/v2\/users\/1"}],"replies":[{"embeddable":true,"href":"https:\/\/imgezen.com\/index.php\/wp-json\/wp\/v2\/comments?post=3708"}],"version-history":[{"count":2,"href":"https:\/\/imgezen.com\/index.php\/wp-json\/wp\/v2\/pages\/3708\/revisions"}],"predecessor-version":[{"id":3745,"href":"https:\/\/imgezen.com\/index.php\/wp-json\/wp\/v2\/pages\/3708\/revisions\/3745"}],"wp:attachment":[{"href":"https:\/\/imgezen.com\/index.php\/wp-json\/wp\/v2\/media?parent=3708"}],"curies":[{"name":"wp","href":"https:\/\/api.w.org\/{rel}","templated":true}]}}