{"id":3695,"date":"2026-03-17T08:38:46","date_gmt":"2026-03-17T05:38:46","guid":{"rendered":"https:\/\/imgezen.com\/?page_id=3695"},"modified":"2026-04-20T13:22:01","modified_gmt":"2026-04-20T10:22:01","slug":"gorence-dergisi-sayi-43","status":"publish","type":"page","link":"https:\/\/imgezen.com\/index.php\/gorence-dergisi-sayi-43\/","title":{"rendered":"G\u00d6RENCE DERG\u0130S\u0130 SAYI: 43"},"content":{"rendered":"\n<div class=\"_df_book df-lite\" id=\"df_3692\"  _slug=\"mart-2026\" data-title=\"mart-2026\" wpoptions=\"true\" thumbtype=\"\" ><\/div><script class=\"df-shortcode-script\" nowprocket type=\"application\/javascript\">window.option_df_3692 = {\"outline\":[],\"autoEnableOutline\":\"false\",\"autoEnableThumbnail\":\"false\",\"overwritePDFOutline\":\"false\",\"direction\":\"1\",\"pageSize\":\"0\",\"source\":\"https:\\\/\\\/imgezen.com\\\/wp-content\\\/uploads\\\/2026\\\/03\\\/Gorence-Mart-43_2026.pdf\",\"wpOptions\":\"true\"}; if(window.DFLIP && window.DFLIP.parseBooks){window.DFLIP.parseBooks();}<\/script>\n\n\n\n<div class=\"wp-block-file\"><object class=\"wp-block-file__embed\" data=\"https:\/\/imgezen.com\/wp-content\/uploads\/2026\/03\/Gorence-Mart-43_2026.pdf\" type=\"application\/pdf\" style=\"width:100%;height:600px\" aria-label=\"Go\u0308rence Mart 43_2026 g\u00f6m\u00fcs\u00fc.\"><\/object><a id=\"wp-block-file--media-57e427e5-8ecc-4189-a38f-1733aec64768\" href=\"https:\/\/imgezen.com\/wp-content\/uploads\/2026\/03\/Gorence-Mart-43_2026.pdf\">Go\u0308rence Mart 43_2026<\/a><a href=\"https:\/\/imgezen.com\/wp-content\/uploads\/2026\/03\/Gorence-Mart-43_2026.pdf\" class=\"wp-block-file__button wp-element-button\" download aria-describedby=\"wp-block-file--media-57e427e5-8ecc-4189-a38f-1733aec64768\">\u0130ndir<\/a><\/div>\n","protected":false},"excerpt":{"rendered":"window.option_df_3692 = {\"outline\":[],\"autoEnableOutline\":\"false\",\"autoEnableThumbnail\":\"false\",\"overwritePDFOutline\":\"false\",\"direction\":\"1\",\"pageSize\":\"0\",\"source\":\"https:\\\/\\\/imgezen.com\\\/wp-content\\\/uploads\\\/2026\\\/03\\\/Gorence-Mart-43_2026.pdf\",\"wpOptions\":\"true\"}; if(window.DFLIP && window.DFLIP.parseBooks){window.DFLIP.parseBooks();} Go\u0308rence Mart 43_2026\u0130ndir","protected":false},"author":1,"featured_media":0,"parent":0,"menu_order":0,"comment_status":"closed","ping_status":"closed","template":"","meta":[],"_links":{"self":[{"href":"https:\/\/imgezen.com\/index.php\/wp-json\/wp\/v2\/pages\/3695"}],"collection":[{"href":"https:\/\/imgezen.com\/index.php\/wp-json\/wp\/v2\/pages"}],"about":[{"href":"https:\/\/imgezen.com\/index.php\/wp-json\/wp\/v2\/types\/page"}],"author":[{"embeddable":true,"href":"https:\/\/imgezen.com\/index.php\/wp-json\/wp\/v2\/users\/1"}],"replies":[{"embeddable":true,"href":"https:\/\/imgezen.com\/index.php\/wp-json\/wp\/v2\/comments?post=3695"}],"version-history":[{"count":2,"href":"https:\/\/imgezen.com\/index.php\/wp-json\/wp\/v2\/pages\/3695\/revisions"}],"predecessor-version":[{"id":3744,"href":"https:\/\/imgezen.com\/index.php\/wp-json\/wp\/v2\/pages\/3695\/revisions\/3744"}],"wp:attachment":[{"href":"https:\/\/imgezen.com\/index.php\/wp-json\/wp\/v2\/media?parent=3695"}],"curies":[{"name":"wp","href":"https:\/\/api.w.org\/{rel}","templated":true}]}}