{"id":3657,"date":"2025-11-04T07:48:06","date_gmt":"2025-11-04T04:48:06","guid":{"rendered":"https:\/\/imgezen.com\/?page_id=3657"},"modified":"2026-04-20T13:20:57","modified_gmt":"2026-04-20T10:20:57","slug":"gorence-dergisi-sayi39","status":"publish","type":"page","link":"https:\/\/imgezen.com\/index.php\/gorence-dergisi-sayi39\/","title":{"rendered":"G\u00d6RENCE DERG\u0130S\u0130 SAYI:39"},"content":{"rendered":"\n<div class=\"_df_book df-lite\" id=\"df_3653\"  _slug=\"kasim-2025\" data-title=\"kasim-2025\" wpoptions=\"true\" thumbtype=\"\" ><\/div><script class=\"df-shortcode-script\" nowprocket type=\"application\/javascript\">window.option_df_3653 = {\"outline\":[],\"autoEnableOutline\":\"false\",\"autoEnableThumbnail\":\"false\",\"overwritePDFOutline\":\"false\",\"direction\":\"1\",\"pageSize\":\"0\",\"source\":\"https:\\\/\\\/imgezen.com\\\/wp-content\\\/uploads\\\/2025\\\/11\\\/Gorence-Kasim-39.sayi-2025-.pdf\",\"wpOptions\":\"true\"}; if(window.DFLIP && window.DFLIP.parseBooks){window.DFLIP.parseBooks();}<\/script>\n\n\n\n<div class=\"wp-block-file\"><object class=\"wp-block-file__embed\" data=\"https:\/\/imgezen.com\/wp-content\/uploads\/2025\/11\/Gorence-Kasim-39.sayi-2025-.pdf\" type=\"application\/pdf\" style=\"width:100%;height:600px\" aria-label=\"Go\u0308rence Kas\u0131m 39.say\u0131 2025 g\u00f6m\u00fcs\u00fc.\"><\/object><a id=\"wp-block-file--media-3c0e10ca-4aa0-4270-aaee-c73668f5ab88\" href=\"https:\/\/imgezen.com\/wp-content\/uploads\/2025\/11\/Gorence-Kasim-39.sayi-2025-.pdf\">Go\u0308rence Kas\u0131m 39.say\u0131 2025<\/a><a href=\"https:\/\/imgezen.com\/wp-content\/uploads\/2025\/11\/Gorence-Kasim-39.sayi-2025-.pdf\" class=\"wp-block-file__button wp-element-button\" download aria-describedby=\"wp-block-file--media-3c0e10ca-4aa0-4270-aaee-c73668f5ab88\">\u0130ndir<\/a><\/div>\n","protected":false},"excerpt":{"rendered":"window.option_df_3653 = {\"outline\":[],\"autoEnableOutline\":\"false\",\"autoEnableThumbnail\":\"false\",\"overwritePDFOutline\":\"false\",\"direction\":\"1\",\"pageSize\":\"0\",\"source\":\"https:\\\/\\\/imgezen.com\\\/wp-content\\\/uploads\\\/2025\\\/11\\\/Gorence-Kasim-39.sayi-2025-.pdf\",\"wpOptions\":\"true\"}; if(window.DFLIP && window.DFLIP.parseBooks){window.DFLIP.parseBooks();} Go\u0308rence Kas\u0131m 39.say\u0131 2025\u0130ndir","protected":false},"author":1,"featured_media":0,"parent":0,"menu_order":0,"comment_status":"closed","ping_status":"closed","template":"","meta":[],"_links":{"self":[{"href":"https:\/\/imgezen.com\/index.php\/wp-json\/wp\/v2\/pages\/3657"}],"collection":[{"href":"https:\/\/imgezen.com\/index.php\/wp-json\/wp\/v2\/pages"}],"about":[{"href":"https:\/\/imgezen.com\/index.php\/wp-json\/wp\/v2\/types\/page"}],"author":[{"embeddable":true,"href":"https:\/\/imgezen.com\/index.php\/wp-json\/wp\/v2\/users\/1"}],"replies":[{"embeddable":true,"href":"https:\/\/imgezen.com\/index.php\/wp-json\/wp\/v2\/comments?post=3657"}],"version-history":[{"count":2,"href":"https:\/\/imgezen.com\/index.php\/wp-json\/wp\/v2\/pages\/3657\/revisions"}],"predecessor-version":[{"id":3740,"href":"https:\/\/imgezen.com\/index.php\/wp-json\/wp\/v2\/pages\/3657\/revisions\/3740"}],"wp:attachment":[{"href":"https:\/\/imgezen.com\/index.php\/wp-json\/wp\/v2\/media?parent=3657"}],"curies":[{"name":"wp","href":"https:\/\/api.w.org\/{rel}","templated":true}]}}