{"id":3638,"date":"2025-09-15T13:50:22","date_gmt":"2025-09-15T10:50:22","guid":{"rendered":"https:\/\/imgezen.com\/?page_id=3638"},"modified":"2026-04-20T13:20:00","modified_gmt":"2026-04-20T10:20:00","slug":"gorece-dergisi-sayi-37","status":"publish","type":"page","link":"https:\/\/imgezen.com\/index.php\/gorece-dergisi-sayi-37\/","title":{"rendered":"G\u00d6RENCE DERG\u0130S\u0130 SAYI: 37"},"content":{"rendered":"\n<div class=\"_df_book df-lite\" id=\"df_3634\"  _slug=\"eylul-2025\" data-title=\"eylul-2025\" wpoptions=\"true\" thumbtype=\"\" ><\/div><script class=\"df-shortcode-script\" nowprocket type=\"application\/javascript\">window.option_df_3634 = {\"outline\":[],\"autoEnableOutline\":\"false\",\"autoEnableThumbnail\":\"false\",\"overwritePDFOutline\":\"false\",\"direction\":\"1\",\"pageSize\":\"0\",\"source\":\"https:\\\/\\\/imgezen.com\\\/wp-content\\\/uploads\\\/2025\\\/09\\\/Gorence-Eylul-37sayi-2025.pdf\",\"wpOptions\":\"true\"}; if(window.DFLIP && window.DFLIP.parseBooks){window.DFLIP.parseBooks();}<\/script>\n\n\n\n<div class=\"wp-block-file\"><object class=\"wp-block-file__embed\" data=\"https:\/\/imgezen.com\/wp-content\/uploads\/2025\/09\/Gorence-Eylul-37sayi-2025.pdf\" type=\"application\/pdf\" style=\"width:100%;height:600px\" aria-label=\"G\u00f6rence Eyl\u00fcl 37say\u0131 2025 g\u00f6m\u00fcs\u00fc.\"><\/object><a id=\"wp-block-file--media-c5e5786e-e42b-4546-8964-6f88c31c42b2\" href=\"https:\/\/imgezen.com\/wp-content\/uploads\/2025\/09\/Gorence-Eylul-37sayi-2025.pdf\">G\u00f6rence Eyl\u00fcl 37say\u0131 2025<\/a><a href=\"https:\/\/imgezen.com\/wp-content\/uploads\/2025\/09\/Gorence-Eylul-37sayi-2025.pdf\" class=\"wp-block-file__button wp-element-button\" download aria-describedby=\"wp-block-file--media-c5e5786e-e42b-4546-8964-6f88c31c42b2\">\u0130ndir<\/a><\/div>\n","protected":false},"excerpt":{"rendered":"window.option_df_3634 = {\"outline\":[],\"autoEnableOutline\":\"false\",\"autoEnableThumbnail\":\"false\",\"overwritePDFOutline\":\"false\",\"direction\":\"1\",\"pageSize\":\"0\",\"source\":\"https:\\\/\\\/imgezen.com\\\/wp-content\\\/uploads\\\/2025\\\/09\\\/Gorence-Eylul-37sayi-2025.pdf\",\"wpOptions\":\"true\"}; if(window.DFLIP && window.DFLIP.parseBooks){window.DFLIP.parseBooks();} G\u00f6rence Eyl\u00fcl 37say\u0131 2025\u0130ndir","protected":false},"author":1,"featured_media":0,"parent":0,"menu_order":0,"comment_status":"closed","ping_status":"closed","template":"","meta":[],"_links":{"self":[{"href":"https:\/\/imgezen.com\/index.php\/wp-json\/wp\/v2\/pages\/3638"}],"collection":[{"href":"https:\/\/imgezen.com\/index.php\/wp-json\/wp\/v2\/pages"}],"about":[{"href":"https:\/\/imgezen.com\/index.php\/wp-json\/wp\/v2\/types\/page"}],"author":[{"embeddable":true,"href":"https:\/\/imgezen.com\/index.php\/wp-json\/wp\/v2\/users\/1"}],"replies":[{"embeddable":true,"href":"https:\/\/imgezen.com\/index.php\/wp-json\/wp\/v2\/comments?post=3638"}],"version-history":[{"count":3,"href":"https:\/\/imgezen.com\/index.php\/wp-json\/wp\/v2\/pages\/3638\/revisions"}],"predecessor-version":[{"id":3738,"href":"https:\/\/imgezen.com\/index.php\/wp-json\/wp\/v2\/pages\/3638\/revisions\/3738"}],"wp:attachment":[{"href":"https:\/\/imgezen.com\/index.php\/wp-json\/wp\/v2\/media?parent=3638"}],"curies":[{"name":"wp","href":"https:\/\/api.w.org\/{rel}","templated":true}]}}