{"id":3620,"date":"2025-07-28T23:47:36","date_gmt":"2025-07-28T20:47:36","guid":{"rendered":"https:\/\/imgezen.com\/?page_id=3620"},"modified":"2026-04-20T13:19:10","modified_gmt":"2026-04-20T10:19:10","slug":"gorence-dergisi-sayi-35","status":"publish","type":"page","link":"https:\/\/imgezen.com\/index.php\/gorence-dergisi-sayi-35\/","title":{"rendered":"G\u00d6RENCE DERG\u0130S\u0130 SAYI : 35"},"content":{"rendered":"\n<div class=\"_df_book df-lite\" id=\"df_3615\"  _slug=\"temmuz-2025\" data-title=\"temmuz-2025\" wpoptions=\"true\" thumbtype=\"\" ><\/div><script class=\"df-shortcode-script\" nowprocket type=\"application\/javascript\">window.option_df_3615 = {\"outline\":[],\"autoEnableOutline\":\"false\",\"autoEnableThumbnail\":\"false\",\"overwritePDFOutline\":\"false\",\"direction\":\"1\",\"pageSize\":\"0\",\"source\":\"https:\\\/\\\/imgezen.com\\\/wp-content\\\/uploads\\\/2025\\\/07\\\/Gorence-Temmuz-35.sayi-2025r.pdf\",\"wpOptions\":\"true\"}; if(window.DFLIP && window.DFLIP.parseBooks){window.DFLIP.parseBooks();}<\/script>\n\n\n\n<div class=\"wp-block-file\"><object class=\"wp-block-file__embed\" data=\"https:\/\/imgezen.com\/wp-content\/uploads\/2025\/07\/Gorence-Temmuz-35.sayi-2025r.pdf\" type=\"application\/pdf\" style=\"width:100%;height:600px\" aria-label=\"G\u00f6rence Temmuz 35.say\u0131 2025 g\u00f6m\u00fcs\u00fc.\"><\/object><a id=\"wp-block-file--media-7b2c86bc-8d4e-4df9-92a6-302dd584d2ff\" href=\"https:\/\/imgezen.com\/wp-content\/uploads\/2025\/07\/Gorence-Temmuz-35.sayi-2025r.pdf\">G\u00f6rence Temmuz 35.say\u0131 2025<\/a><a href=\"https:\/\/imgezen.com\/wp-content\/uploads\/2025\/07\/Gorence-Temmuz-35.sayi-2025r.pdf\" class=\"wp-block-file__button wp-element-button\" download aria-describedby=\"wp-block-file--media-7b2c86bc-8d4e-4df9-92a6-302dd584d2ff\">\u0130ndir<\/a><\/div>\n","protected":false},"excerpt":{"rendered":"window.option_df_3615 = {\"outline\":[],\"autoEnableOutline\":\"false\",\"autoEnableThumbnail\":\"false\",\"overwritePDFOutline\":\"false\",\"direction\":\"1\",\"pageSize\":\"0\",\"source\":\"https:\\\/\\\/imgezen.com\\\/wp-content\\\/uploads\\\/2025\\\/07\\\/Gorence-Temmuz-35.sayi-2025r.pdf\",\"wpOptions\":\"true\"}; if(window.DFLIP && window.DFLIP.parseBooks){window.DFLIP.parseBooks();} G\u00f6rence Temmuz 35.say\u0131 2025\u0130ndir","protected":false},"author":1,"featured_media":0,"parent":0,"menu_order":0,"comment_status":"closed","ping_status":"closed","template":"","meta":[],"_links":{"self":[{"href":"https:\/\/imgezen.com\/index.php\/wp-json\/wp\/v2\/pages\/3620"}],"collection":[{"href":"https:\/\/imgezen.com\/index.php\/wp-json\/wp\/v2\/pages"}],"about":[{"href":"https:\/\/imgezen.com\/index.php\/wp-json\/wp\/v2\/types\/page"}],"author":[{"embeddable":true,"href":"https:\/\/imgezen.com\/index.php\/wp-json\/wp\/v2\/users\/1"}],"replies":[{"embeddable":true,"href":"https:\/\/imgezen.com\/index.php\/wp-json\/wp\/v2\/comments?post=3620"}],"version-history":[{"count":2,"href":"https:\/\/imgezen.com\/index.php\/wp-json\/wp\/v2\/pages\/3620\/revisions"}],"predecessor-version":[{"id":3736,"href":"https:\/\/imgezen.com\/index.php\/wp-json\/wp\/v2\/pages\/3620\/revisions\/3736"}],"wp:attachment":[{"href":"https:\/\/imgezen.com\/index.php\/wp-json\/wp\/v2\/media?parent=3620"}],"curies":[{"name":"wp","href":"https:\/\/api.w.org\/{rel}","templated":true}]}}