{"id":3602,"date":"2025-06-12T12:10:07","date_gmt":"2025-06-12T09:10:07","guid":{"rendered":"https:\/\/imgezen.com\/?page_id=3602"},"modified":"2025-06-12T12:10:08","modified_gmt":"2025-06-12T09:10:08","slug":"gorence-dergisi-sayi-34","status":"publish","type":"page","link":"https:\/\/imgezen.com\/index.php\/gorence-dergisi-sayi-34\/","title":{"rendered":"G\u00d6RENCE DERG\u0130S\u0130 SAYI: 34"},"content":{"rendered":"\n<div class=\"_df_book df-lite\" id=\"df_3599\"  _slug=\"haziran-2025\" data-title=\"haziran-2025\" wpoptions=\"true\" thumbtype=\"\" ><\/div><script class=\"df-shortcode-script\" nowprocket type=\"application\/javascript\">window.option_df_3599 = {\"outline\":[],\"autoEnableOutline\":\"false\",\"autoEnableThumbnail\":\"false\",\"overwritePDFOutline\":\"false\",\"direction\":\"1\",\"pageSize\":\"0\",\"source\":\"https:\\\/\\\/imgezen.com\\\/wp-content\\\/uploads\\\/2025\\\/06\\\/Gorence-Haziran-34.sayi-2025ii.pdf\",\"wpOptions\":\"true\"}; if(window.DFLIP && window.DFLIP.parseBooks){window.DFLIP.parseBooks();}<\/script>\n","protected":false},"excerpt":{"rendered":"window.option_df_3599 = {\"outline\":[],\"autoEnableOutline\":\"false\",\"autoEnableThumbnail\":\"false\",\"overwritePDFOutline\":\"false\",\"direction\":\"1\",\"pageSize\":\"0\",\"source\":\"https:\\\/\\\/imgezen.com\\\/wp-content\\\/uploads\\\/2025\\\/06\\\/Gorence-Haziran-34.sayi-2025ii.pdf\",\"wpOptions\":\"true\"}; if(window.DFLIP && window.DFLIP.parseBooks){window.DFLIP.parseBooks();}","protected":false},"author":1,"featured_media":0,"parent":0,"menu_order":0,"comment_status":"closed","ping_status":"closed","template":"","meta":[],"_links":{"self":[{"href":"https:\/\/imgezen.com\/index.php\/wp-json\/wp\/v2\/pages\/3602"}],"collection":[{"href":"https:\/\/imgezen.com\/index.php\/wp-json\/wp\/v2\/pages"}],"about":[{"href":"https:\/\/imgezen.com\/index.php\/wp-json\/wp\/v2\/types\/page"}],"author":[{"embeddable":true,"href":"https:\/\/imgezen.com\/index.php\/wp-json\/wp\/v2\/users\/1"}],"replies":[{"embeddable":true,"href":"https:\/\/imgezen.com\/index.php\/wp-json\/wp\/v2\/comments?post=3602"}],"version-history":[{"count":1,"href":"https:\/\/imgezen.com\/index.php\/wp-json\/wp\/v2\/pages\/3602\/revisions"}],"predecessor-version":[{"id":3603,"href":"https:\/\/imgezen.com\/index.php\/wp-json\/wp\/v2\/pages\/3602\/revisions\/3603"}],"wp:attachment":[{"href":"https:\/\/imgezen.com\/index.php\/wp-json\/wp\/v2\/media?parent=3602"}],"curies":[{"name":"wp","href":"https:\/\/api.w.org\/{rel}","templated":true}]}}