{"id":3593,"date":"2025-05-17T10:13:32","date_gmt":"2025-05-17T07:13:32","guid":{"rendered":"https:\/\/imgezen.com\/?page_id=3593"},"modified":"2026-04-20T13:18:38","modified_gmt":"2026-04-20T10:18:38","slug":"gorence-dergisi-sayi33","status":"publish","type":"page","link":"https:\/\/imgezen.com\/index.php\/gorence-dergisi-sayi33\/","title":{"rendered":"G\u00d6RENCE DERG\u0130S\u0130 SAYI:33"},"content":{"rendered":"\n<div class=\"_df_book df-lite\" id=\"df_3590\"  _slug=\"mayis-2025\" data-title=\"mayis-2025\" wpoptions=\"true\" thumbtype=\"\" ><\/div><script class=\"df-shortcode-script\" nowprocket type=\"application\/javascript\">window.option_df_3590 = {\"outline\":[],\"autoEnableOutline\":\"false\",\"autoEnableThumbnail\":\"false\",\"overwritePDFOutline\":\"false\",\"direction\":\"1\",\"pageSize\":\"0\",\"source\":\"https:\\\/\\\/imgezen.com\\\/wp-content\\\/uploads\\\/2025\\\/05\\\/Gorence-Mayis-33.sayi-2025ii.pdf\",\"wpOptions\":\"true\"}; if(window.DFLIP && window.DFLIP.parseBooks){window.DFLIP.parseBooks();}<\/script>\n\n\n\n<div class=\"wp-block-file\"><object class=\"wp-block-file__embed\" data=\"https:\/\/imgezen.com\/wp-content\/uploads\/2025\/05\/Gorence-Mayis-33.sayi-2025-R.pdf\" type=\"application\/pdf\" style=\"width:100%;height:600px\" aria-label=\"G\u00f6rence May\u0131s 33.say\u0131 2025 g\u00f6m\u00fcs\u00fc.\"><\/object><a id=\"wp-block-file--media-cde1d31d-5f8a-4c18-a448-849b091449ea\" href=\"https:\/\/imgezen.com\/wp-content\/uploads\/2025\/05\/Gorence-Mayis-33.sayi-2025-R.pdf\">G\u00f6rence May\u0131s 33.say\u0131 2025<\/a><a href=\"https:\/\/imgezen.com\/wp-content\/uploads\/2025\/05\/Gorence-Mayis-33.sayi-2025-R.pdf\" class=\"wp-block-file__button wp-element-button\" download aria-describedby=\"wp-block-file--media-cde1d31d-5f8a-4c18-a448-849b091449ea\">\u0130ndir<\/a><\/div>\n","protected":false},"excerpt":{"rendered":"window.option_df_3590 = {\"outline\":[],\"autoEnableOutline\":\"false\",\"autoEnableThumbnail\":\"false\",\"overwritePDFOutline\":\"false\",\"direction\":\"1\",\"pageSize\":\"0\",\"source\":\"https:\\\/\\\/imgezen.com\\\/wp-content\\\/uploads\\\/2025\\\/05\\\/Gorence-Mayis-33.sayi-2025ii.pdf\",\"wpOptions\":\"true\"}; if(window.DFLIP && window.DFLIP.parseBooks){window.DFLIP.parseBooks();} G\u00f6rence May\u0131s 33.say\u0131 2025\u0130ndir","protected":false},"author":1,"featured_media":0,"parent":0,"menu_order":0,"comment_status":"closed","ping_status":"closed","template":"","meta":[],"_links":{"self":[{"href":"https:\/\/imgezen.com\/index.php\/wp-json\/wp\/v2\/pages\/3593"}],"collection":[{"href":"https:\/\/imgezen.com\/index.php\/wp-json\/wp\/v2\/pages"}],"about":[{"href":"https:\/\/imgezen.com\/index.php\/wp-json\/wp\/v2\/types\/page"}],"author":[{"embeddable":true,"href":"https:\/\/imgezen.com\/index.php\/wp-json\/wp\/v2\/users\/1"}],"replies":[{"embeddable":true,"href":"https:\/\/imgezen.com\/index.php\/wp-json\/wp\/v2\/comments?post=3593"}],"version-history":[{"count":2,"href":"https:\/\/imgezen.com\/index.php\/wp-json\/wp\/v2\/pages\/3593\/revisions"}],"predecessor-version":[{"id":3733,"href":"https:\/\/imgezen.com\/index.php\/wp-json\/wp\/v2\/pages\/3593\/revisions\/3733"}],"wp:attachment":[{"href":"https:\/\/imgezen.com\/index.php\/wp-json\/wp\/v2\/media?parent=3593"}],"curies":[{"name":"wp","href":"https:\/\/api.w.org\/{rel}","templated":true}]}}