{"id":3573,"date":"2025-03-17T11:27:01","date_gmt":"2025-03-17T08:27:01","guid":{"rendered":"https:\/\/imgezen.com\/?page_id=3573"},"modified":"2026-04-20T13:18:09","modified_gmt":"2026-04-20T10:18:09","slug":"gorence-dergisi-sayi31","status":"publish","type":"page","link":"https:\/\/imgezen.com\/index.php\/gorence-dergisi-sayi31\/","title":{"rendered":"G\u00d6RENCE DERG\u0130S\u0130 SAYI:31"},"content":{"rendered":"\n<div class=\"_df_book df-lite\" id=\"df_3570\"  _slug=\"mart-2025\" data-title=\"mart-2025\" wpoptions=\"true\" thumbtype=\"\" ><\/div><script class=\"df-shortcode-script\" nowprocket type=\"application\/javascript\">window.option_df_3570 = {\"outline\":[],\"autoEnableOutline\":\"false\",\"autoEnableThumbnail\":\"false\",\"overwritePDFOutline\":\"false\",\"direction\":\"1\",\"pageSize\":\"0\",\"source\":\"https:\\\/\\\/imgezen.com\\\/wp-content\\\/uploads\\\/2025\\\/03\\\/Gorence-Mart-31.sayi-2025R.pdf\",\"wpOptions\":\"true\"}; if(window.DFLIP && window.DFLIP.parseBooks){window.DFLIP.parseBooks();}<\/script>\n\n\n\n<div class=\"wp-block-file\"><object class=\"wp-block-file__embed\" data=\"https:\/\/imgezen.com\/wp-content\/uploads\/2025\/03\/Gorence-Mart-31.sayi-2025R.pdf\" type=\"application\/pdf\" style=\"width:100%;height:600px\" aria-label=\"G\u00f6rence Mart 31.say\u0131 2025R g\u00f6m\u00fcs\u00fc.\"><\/object><a id=\"wp-block-file--media-374e9808-77af-4ee7-81d4-2b39f46710d9\" href=\"https:\/\/imgezen.com\/wp-content\/uploads\/2025\/03\/Gorence-Mart-31.sayi-2025R.pdf\">G\u00f6rence Mart 31.say\u0131 2025R<\/a><a href=\"https:\/\/imgezen.com\/wp-content\/uploads\/2025\/03\/Gorence-Mart-31.sayi-2025R.pdf\" class=\"wp-block-file__button wp-element-button\" download aria-describedby=\"wp-block-file--media-374e9808-77af-4ee7-81d4-2b39f46710d9\">\u0130ndir<\/a><\/div>\n","protected":false},"excerpt":{"rendered":"window.option_df_3570 = {\"outline\":[],\"autoEnableOutline\":\"false\",\"autoEnableThumbnail\":\"false\",\"overwritePDFOutline\":\"false\",\"direction\":\"1\",\"pageSize\":\"0\",\"source\":\"https:\\\/\\\/imgezen.com\\\/wp-content\\\/uploads\\\/2025\\\/03\\\/Gorence-Mart-31.sayi-2025R.pdf\",\"wpOptions\":\"true\"}; if(window.DFLIP && window.DFLIP.parseBooks){window.DFLIP.parseBooks();} G\u00f6rence Mart 31.say\u0131 2025R\u0130ndir","protected":false},"author":1,"featured_media":0,"parent":0,"menu_order":0,"comment_status":"closed","ping_status":"closed","template":"","meta":[],"_links":{"self":[{"href":"https:\/\/imgezen.com\/index.php\/wp-json\/wp\/v2\/pages\/3573"}],"collection":[{"href":"https:\/\/imgezen.com\/index.php\/wp-json\/wp\/v2\/pages"}],"about":[{"href":"https:\/\/imgezen.com\/index.php\/wp-json\/wp\/v2\/types\/page"}],"author":[{"embeddable":true,"href":"https:\/\/imgezen.com\/index.php\/wp-json\/wp\/v2\/users\/1"}],"replies":[{"embeddable":true,"href":"https:\/\/imgezen.com\/index.php\/wp-json\/wp\/v2\/comments?post=3573"}],"version-history":[{"count":2,"href":"https:\/\/imgezen.com\/index.php\/wp-json\/wp\/v2\/pages\/3573\/revisions"}],"predecessor-version":[{"id":3731,"href":"https:\/\/imgezen.com\/index.php\/wp-json\/wp\/v2\/pages\/3573\/revisions\/3731"}],"wp:attachment":[{"href":"https:\/\/imgezen.com\/index.php\/wp-json\/wp\/v2\/media?parent=3573"}],"curies":[{"name":"wp","href":"https:\/\/api.w.org\/{rel}","templated":true}]}}