{"id":3528,"date":"2025-02-04T14:34:01","date_gmt":"2025-02-04T11:34:01","guid":{"rendered":"https:\/\/imgezen.com\/?page_id=3528"},"modified":"2026-04-20T13:17:53","modified_gmt":"2026-04-20T10:17:53","slug":"gorence-dergisi-sayi-30","status":"publish","type":"page","link":"https:\/\/imgezen.com\/index.php\/gorence-dergisi-sayi-30\/","title":{"rendered":"G\u00d6RENCE DERG\u0130S\u0130 SAYI: 30"},"content":{"rendered":"\n<div class=\"_df_book df-lite\" id=\"df_3561\"  _slug=\"subat-2025\" data-title=\"subat-2025\" wpoptions=\"true\" thumbtype=\"\" ><\/div><script class=\"df-shortcode-script\" nowprocket type=\"application\/javascript\">window.option_df_3561 = {\"outline\":[],\"autoEnableOutline\":\"false\",\"autoEnableThumbnail\":\"false\",\"overwritePDFOutline\":\"false\",\"direction\":\"1\",\"pageSize\":\"0\",\"source\":\"https:\\\/\\\/imgezen.com\\\/wp-content\\\/uploads\\\/2025\\\/02\\\/Gorence-Subat-30.sayi-2025a-pdf.pdf\",\"wpOptions\":\"true\"}; if(window.DFLIP && window.DFLIP.parseBooks){window.DFLIP.parseBooks();}<\/script>\n\n\n\n<div class=\"wp-block-file\"><object class=\"wp-block-file__embed\" data=\"https:\/\/imgezen.com\/wp-content\/uploads\/2025\/02\/Gorence-Subat-30.sayi-2025a-pdf.pdf\" type=\"application\/pdf\" style=\"width:100%;height:600px\" aria-label=\"G\u00f6rence \u015eubat 30.say\u0131 2025a pdf g\u00f6m\u00fcs\u00fc.\"><\/object><a id=\"wp-block-file--media-01493bb9-b407-44d2-ab11-1abde687ed30\" href=\"https:\/\/imgezen.com\/wp-content\/uploads\/2025\/02\/Gorence-Subat-30.sayi-2025a-pdf.pdf\">G\u00f6rence \u015eubat 30.say\u0131 2025a pdf<\/a><a href=\"https:\/\/imgezen.com\/wp-content\/uploads\/2025\/02\/Gorence-Subat-30.sayi-2025a-pdf.pdf\" class=\"wp-block-file__button wp-element-button\" download aria-describedby=\"wp-block-file--media-01493bb9-b407-44d2-ab11-1abde687ed30\">\u0130ndir<\/a><\/div>\n","protected":false},"excerpt":{"rendered":"window.option_df_3561 = {\"outline\":[],\"autoEnableOutline\":\"false\",\"autoEnableThumbnail\":\"false\",\"overwritePDFOutline\":\"false\",\"direction\":\"1\",\"pageSize\":\"0\",\"source\":\"https:\\\/\\\/imgezen.com\\\/wp-content\\\/uploads\\\/2025\\\/02\\\/Gorence-Subat-30.sayi-2025a-pdf.pdf\",\"wpOptions\":\"true\"}; if(window.DFLIP && window.DFLIP.parseBooks){window.DFLIP.parseBooks();} G\u00f6rence \u015eubat 30.say\u0131 2025a pdf\u0130ndir","protected":false},"author":1,"featured_media":0,"parent":0,"menu_order":0,"comment_status":"closed","ping_status":"closed","template":"","meta":[],"_links":{"self":[{"href":"https:\/\/imgezen.com\/index.php\/wp-json\/wp\/v2\/pages\/3528"}],"collection":[{"href":"https:\/\/imgezen.com\/index.php\/wp-json\/wp\/v2\/pages"}],"about":[{"href":"https:\/\/imgezen.com\/index.php\/wp-json\/wp\/v2\/types\/page"}],"author":[{"embeddable":true,"href":"https:\/\/imgezen.com\/index.php\/wp-json\/wp\/v2\/users\/1"}],"replies":[{"embeddable":true,"href":"https:\/\/imgezen.com\/index.php\/wp-json\/wp\/v2\/comments?post=3528"}],"version-history":[{"count":7,"href":"https:\/\/imgezen.com\/index.php\/wp-json\/wp\/v2\/pages\/3528\/revisions"}],"predecessor-version":[{"id":3730,"href":"https:\/\/imgezen.com\/index.php\/wp-json\/wp\/v2\/pages\/3528\/revisions\/3730"}],"wp:attachment":[{"href":"https:\/\/imgezen.com\/index.php\/wp-json\/wp\/v2\/media?parent=3528"}],"curies":[{"name":"wp","href":"https:\/\/api.w.org\/{rel}","templated":true}]}}