{"id":3513,"date":"2024-12-01T08:51:41","date_gmt":"2024-12-01T05:51:41","guid":{"rendered":"https:\/\/imgezen.com\/?page_id=3513"},"modified":"2026-04-20T13:16:38","modified_gmt":"2026-04-20T10:16:38","slug":"gorence-dergisi-sayi-28","status":"publish","type":"page","link":"https:\/\/imgezen.com\/index.php\/gorence-dergisi-sayi-28\/","title":{"rendered":"G\u00d6RENCE DERG\u0130S\u0130 SAYI: 28"},"content":{"rendered":"\n<div class=\"_df_book df-lite\" id=\"df_3510\"  _slug=\"aralik-2024\" data-title=\"aralik-2024\" wpoptions=\"true\" thumbtype=\"\" ><\/div><script class=\"df-shortcode-script\" nowprocket type=\"application\/javascript\">window.option_df_3510 = {\"outline\":[],\"autoEnableOutline\":\"false\",\"autoEnableThumbnail\":\"false\",\"overwritePDFOutline\":\"false\",\"direction\":\"1\",\"pageSize\":\"0\",\"source\":\"https:\\\/\\\/imgezen.com\\\/wp-content\\\/uploads\\\/2024\\\/12\\\/Gorence-Aralik-28.sayi-2024R.pdf\",\"wpOptions\":\"true\"}; if(window.DFLIP && window.DFLIP.parseBooks){window.DFLIP.parseBooks();}<\/script>\n\n\n\n<div class=\"wp-block-file\"><object class=\"wp-block-file__embed\" data=\"https:\/\/imgezen.com\/wp-content\/uploads\/2024\/12\/Gorence-Aralik-28.sayi-2024R.pdf\" type=\"application\/pdf\" style=\"width:100%;height:600px\" aria-label=\"G\u00f6rence Aral\u0131k 28.say\u0131 2024 g\u00f6m\u00fcs\u00fc.\"><\/object><a id=\"wp-block-file--media-46b1cbca-fabd-448c-8932-e4104497ad72\" href=\"https:\/\/imgezen.com\/wp-content\/uploads\/2024\/12\/Gorence-Aralik-28.sayi-2024R.pdf\">G\u00f6rence Aral\u0131k 28.say\u0131 2024<\/a><a href=\"https:\/\/imgezen.com\/wp-content\/uploads\/2024\/12\/Gorence-Aralik-28.sayi-2024R.pdf\" class=\"wp-block-file__button wp-element-button\" download aria-describedby=\"wp-block-file--media-46b1cbca-fabd-448c-8932-e4104497ad72\">\u0130ndir<\/a><\/div>\n","protected":false},"excerpt":{"rendered":"window.option_df_3510 = {\"outline\":[],\"autoEnableOutline\":\"false\",\"autoEnableThumbnail\":\"false\",\"overwritePDFOutline\":\"false\",\"direction\":\"1\",\"pageSize\":\"0\",\"source\":\"https:\\\/\\\/imgezen.com\\\/wp-content\\\/uploads\\\/2024\\\/12\\\/Gorence-Aralik-28.sayi-2024R.pdf\",\"wpOptions\":\"true\"}; if(window.DFLIP && window.DFLIP.parseBooks){window.DFLIP.parseBooks();} G\u00f6rence Aral\u0131k 28.say\u0131 2024\u0130ndir","protected":false},"author":1,"featured_media":0,"parent":0,"menu_order":0,"comment_status":"closed","ping_status":"closed","template":"","meta":[],"_links":{"self":[{"href":"https:\/\/imgezen.com\/index.php\/wp-json\/wp\/v2\/pages\/3513"}],"collection":[{"href":"https:\/\/imgezen.com\/index.php\/wp-json\/wp\/v2\/pages"}],"about":[{"href":"https:\/\/imgezen.com\/index.php\/wp-json\/wp\/v2\/types\/page"}],"author":[{"embeddable":true,"href":"https:\/\/imgezen.com\/index.php\/wp-json\/wp\/v2\/users\/1"}],"replies":[{"embeddable":true,"href":"https:\/\/imgezen.com\/index.php\/wp-json\/wp\/v2\/comments?post=3513"}],"version-history":[{"count":2,"href":"https:\/\/imgezen.com\/index.php\/wp-json\/wp\/v2\/pages\/3513\/revisions"}],"predecessor-version":[{"id":3727,"href":"https:\/\/imgezen.com\/index.php\/wp-json\/wp\/v2\/pages\/3513\/revisions\/3727"}],"wp:attachment":[{"href":"https:\/\/imgezen.com\/index.php\/wp-json\/wp\/v2\/media?parent=3513"}],"curies":[{"name":"wp","href":"https:\/\/api.w.org\/{rel}","templated":true}]}}