{"id":3490,"date":"2024-10-03T08:06:35","date_gmt":"2024-10-03T05:06:35","guid":{"rendered":"https:\/\/imgezen.com\/?page_id=3490"},"modified":"2026-04-20T13:16:08","modified_gmt":"2026-04-20T10:16:08","slug":"gorence-dergisi-sayi-26","status":"publish","type":"page","link":"https:\/\/imgezen.com\/index.php\/gorence-dergisi-sayi-26\/","title":{"rendered":"G\u00d6RENCE DERG\u0130S\u0130 SAYI: 26"},"content":{"rendered":"\n<div class=\"_df_book df-lite\" id=\"df_3487\"  _slug=\"ekim-2024\" data-title=\"ekim-2024\" wpoptions=\"true\" thumbtype=\"\" ><\/div><script class=\"df-shortcode-script\" nowprocket type=\"application\/javascript\">window.option_df_3487 = {\"outline\":[],\"autoEnableOutline\":\"false\",\"autoEnableThumbnail\":\"false\",\"overwritePDFOutline\":\"false\",\"direction\":\"1\",\"pageSize\":\"0\",\"source\":\"https:\\\/\\\/imgezen.com\\\/wp-content\\\/uploads\\\/2024\\\/10\\\/Gorence-Ekim-26.sayi-2024-r.pdf\",\"wpOptions\":\"true\"}; if(window.DFLIP && window.DFLIP.parseBooks){window.DFLIP.parseBooks();}<\/script>\n\n\n\n<div class=\"wp-block-file\"><object class=\"wp-block-file__embed\" data=\"https:\/\/imgezen.com\/wp-content\/uploads\/2024\/10\/Gorence-Ekim-26.sayi-2024-r.pdf\" type=\"application\/pdf\" style=\"width:100%;height:600px\" aria-label=\"G\u00f6rence Ekim 26.say\u0131 2024 g\u00f6m\u00fcs\u00fc.\"><\/object><a id=\"wp-block-file--media-4e97ea00-169e-404f-98ff-6a33b7a4d12b\" href=\"https:\/\/imgezen.com\/wp-content\/uploads\/2024\/10\/Gorence-Ekim-26.sayi-2024-r.pdf\">G\u00f6rence Ekim 26.say\u0131 2024<\/a><a href=\"https:\/\/imgezen.com\/wp-content\/uploads\/2024\/10\/Gorence-Ekim-26.sayi-2024-r.pdf\" class=\"wp-block-file__button wp-element-button\" download aria-describedby=\"wp-block-file--media-4e97ea00-169e-404f-98ff-6a33b7a4d12b\">\u0130ndir<\/a><\/div>\n","protected":false},"excerpt":{"rendered":"window.option_df_3487 = {\"outline\":[],\"autoEnableOutline\":\"false\",\"autoEnableThumbnail\":\"false\",\"overwritePDFOutline\":\"false\",\"direction\":\"1\",\"pageSize\":\"0\",\"source\":\"https:\\\/\\\/imgezen.com\\\/wp-content\\\/uploads\\\/2024\\\/10\\\/Gorence-Ekim-26.sayi-2024-r.pdf\",\"wpOptions\":\"true\"}; if(window.DFLIP && window.DFLIP.parseBooks){window.DFLIP.parseBooks();} G\u00f6rence Ekim 26.say\u0131 2024\u0130ndir","protected":false},"author":1,"featured_media":0,"parent":0,"menu_order":0,"comment_status":"closed","ping_status":"closed","template":"","meta":[],"_links":{"self":[{"href":"https:\/\/imgezen.com\/index.php\/wp-json\/wp\/v2\/pages\/3490"}],"collection":[{"href":"https:\/\/imgezen.com\/index.php\/wp-json\/wp\/v2\/pages"}],"about":[{"href":"https:\/\/imgezen.com\/index.php\/wp-json\/wp\/v2\/types\/page"}],"author":[{"embeddable":true,"href":"https:\/\/imgezen.com\/index.php\/wp-json\/wp\/v2\/users\/1"}],"replies":[{"embeddable":true,"href":"https:\/\/imgezen.com\/index.php\/wp-json\/wp\/v2\/comments?post=3490"}],"version-history":[{"count":2,"href":"https:\/\/imgezen.com\/index.php\/wp-json\/wp\/v2\/pages\/3490\/revisions"}],"predecessor-version":[{"id":3725,"href":"https:\/\/imgezen.com\/index.php\/wp-json\/wp\/v2\/pages\/3490\/revisions\/3725"}],"wp:attachment":[{"href":"https:\/\/imgezen.com\/index.php\/wp-json\/wp\/v2\/media?parent=3490"}],"curies":[{"name":"wp","href":"https:\/\/api.w.org\/{rel}","templated":true}]}}