{"id":3480,"date":"2024-09-08T06:55:43","date_gmt":"2024-09-08T03:55:43","guid":{"rendered":"https:\/\/imgezen.com\/?page_id=3480"},"modified":"2026-04-20T13:15:46","modified_gmt":"2026-04-20T10:15:46","slug":"gorence-dergisi-sayi26","status":"publish","type":"page","link":"https:\/\/imgezen.com\/index.php\/gorence-dergisi-sayi26\/","title":{"rendered":"G\u00d6RENCE DERG\u0130S\u0130 SAYI:25"},"content":{"rendered":"\n<div class=\"_df_book df-lite\" id=\"df_3477\"  _slug=\"eylul-2024\" data-title=\"eylul-2024\" wpoptions=\"true\" thumbtype=\"\" ><\/div><script class=\"df-shortcode-script\" nowprocket type=\"application\/javascript\">window.option_df_3477 = {\"outline\":[],\"autoEnableOutline\":\"false\",\"autoEnableThumbnail\":\"false\",\"overwritePDFOutline\":\"false\",\"direction\":\"1\",\"pageSize\":\"0\",\"source\":\"https:\\\/\\\/imgezen.com\\\/wp-content\\\/uploads\\\/2024\\\/09\\\/Gorence-Eylul-25.sayi-2024-r.pdf\",\"wpOptions\":\"true\"}; if(window.DFLIP && window.DFLIP.parseBooks){window.DFLIP.parseBooks();}<\/script>\n\n\n\n<div class=\"wp-block-file\"><object class=\"wp-block-file__embed\" data=\"https:\/\/imgezen.com\/wp-content\/uploads\/2024\/09\/Gorence-Eylul-25.sayi-2024-r.pdf\" type=\"application\/pdf\" style=\"width:100%;height:600px\" aria-label=\"G\u00f6rence Eyl\u00fcl 25.say\u0131 2024 r g\u00f6m\u00fcs\u00fc.\"><\/object><a id=\"wp-block-file--media-ef0c4514-66a4-48ee-a450-b27b5b448aa3\" href=\"https:\/\/imgezen.com\/wp-content\/uploads\/2024\/09\/Gorence-Eylul-25.sayi-2024-r.pdf\">G\u00f6rence Eyl\u00fcl 25.say\u0131 2024 r<\/a><a href=\"https:\/\/imgezen.com\/wp-content\/uploads\/2024\/09\/Gorence-Eylul-25.sayi-2024-r.pdf\" class=\"wp-block-file__button wp-element-button\" download aria-describedby=\"wp-block-file--media-ef0c4514-66a4-48ee-a450-b27b5b448aa3\">\u0130ndir<\/a><\/div>\n","protected":false},"excerpt":{"rendered":"window.option_df_3477 = {\"outline\":[],\"autoEnableOutline\":\"false\",\"autoEnableThumbnail\":\"false\",\"overwritePDFOutline\":\"false\",\"direction\":\"1\",\"pageSize\":\"0\",\"source\":\"https:\\\/\\\/imgezen.com\\\/wp-content\\\/uploads\\\/2024\\\/09\\\/Gorence-Eylul-25.sayi-2024-r.pdf\",\"wpOptions\":\"true\"}; if(window.DFLIP && window.DFLIP.parseBooks){window.DFLIP.parseBooks();} G\u00f6rence Eyl\u00fcl 25.say\u0131 2024 r\u0130ndir","protected":false},"author":1,"featured_media":0,"parent":0,"menu_order":0,"comment_status":"closed","ping_status":"closed","template":"","meta":[],"_links":{"self":[{"href":"https:\/\/imgezen.com\/index.php\/wp-json\/wp\/v2\/pages\/3480"}],"collection":[{"href":"https:\/\/imgezen.com\/index.php\/wp-json\/wp\/v2\/pages"}],"about":[{"href":"https:\/\/imgezen.com\/index.php\/wp-json\/wp\/v2\/types\/page"}],"author":[{"embeddable":true,"href":"https:\/\/imgezen.com\/index.php\/wp-json\/wp\/v2\/users\/1"}],"replies":[{"embeddable":true,"href":"https:\/\/imgezen.com\/index.php\/wp-json\/wp\/v2\/comments?post=3480"}],"version-history":[{"count":3,"href":"https:\/\/imgezen.com\/index.php\/wp-json\/wp\/v2\/pages\/3480\/revisions"}],"predecessor-version":[{"id":3724,"href":"https:\/\/imgezen.com\/index.php\/wp-json\/wp\/v2\/pages\/3480\/revisions\/3724"}],"wp:attachment":[{"href":"https:\/\/imgezen.com\/index.php\/wp-json\/wp\/v2\/media?parent=3480"}],"curies":[{"name":"wp","href":"https:\/\/api.w.org\/{rel}","templated":true}]}}