{"id":3467,"date":"2024-08-01T21:41:05","date_gmt":"2024-08-01T18:41:05","guid":{"rendered":"https:\/\/imgezen.com\/?page_id=3467"},"modified":"2024-08-01T21:51:03","modified_gmt":"2024-08-01T18:51:03","slug":"gorence-dergisi-sayi-24","status":"publish","type":"page","link":"https:\/\/imgezen.com\/index.php\/gorence-dergisi-sayi-24\/","title":{"rendered":"G\u00d6RENCE DERG\u0130S\u0130 SAYI: 24"},"content":{"rendered":"\n<div class=\"_df_book df-lite\" id=\"df_3469\"  _slug=\"agustos-2024\" data-title=\"agustos-2024\" wpoptions=\"true\" thumbtype=\"\" ><\/div><script class=\"df-shortcode-script\" nowprocket type=\"application\/javascript\">window.option_df_3469 = {\"outline\":[],\"autoEnableOutline\":\"false\",\"autoEnableThumbnail\":\"false\",\"overwritePDFOutline\":\"false\",\"direction\":\"1\",\"pageSize\":\"0\",\"source\":\"https:\\\/\\\/imgezen.com\\\/wp-content\\\/uploads\\\/2024\\\/08\\\/Gorence-Agustos-24.sayi-2024re.pdf\",\"wpOptions\":\"true\"}; if(window.DFLIP && window.DFLIP.parseBooks){window.DFLIP.parseBooks();}<\/script>\n","protected":false},"excerpt":{"rendered":"window.option_df_3469 = {\"outline\":[],\"autoEnableOutline\":\"false\",\"autoEnableThumbnail\":\"false\",\"overwritePDFOutline\":\"false\",\"direction\":\"1\",\"pageSize\":\"0\",\"source\":\"https:\\\/\\\/imgezen.com\\\/wp-content\\\/uploads\\\/2024\\\/08\\\/Gorence-Agustos-24.sayi-2024re.pdf\",\"wpOptions\":\"true\"}; if(window.DFLIP && window.DFLIP.parseBooks){window.DFLIP.parseBooks();}","protected":false},"author":1,"featured_media":0,"parent":0,"menu_order":0,"comment_status":"closed","ping_status":"closed","template":"","meta":[],"_links":{"self":[{"href":"https:\/\/imgezen.com\/index.php\/wp-json\/wp\/v2\/pages\/3467"}],"collection":[{"href":"https:\/\/imgezen.com\/index.php\/wp-json\/wp\/v2\/pages"}],"about":[{"href":"https:\/\/imgezen.com\/index.php\/wp-json\/wp\/v2\/types\/page"}],"author":[{"embeddable":true,"href":"https:\/\/imgezen.com\/index.php\/wp-json\/wp\/v2\/users\/1"}],"replies":[{"embeddable":true,"href":"https:\/\/imgezen.com\/index.php\/wp-json\/wp\/v2\/comments?post=3467"}],"version-history":[{"count":2,"href":"https:\/\/imgezen.com\/index.php\/wp-json\/wp\/v2\/pages\/3467\/revisions"}],"predecessor-version":[{"id":3472,"href":"https:\/\/imgezen.com\/index.php\/wp-json\/wp\/v2\/pages\/3467\/revisions\/3472"}],"wp:attachment":[{"href":"https:\/\/imgezen.com\/index.php\/wp-json\/wp\/v2\/media?parent=3467"}],"curies":[{"name":"wp","href":"https:\/\/api.w.org\/{rel}","templated":true}]}}