{"id":3459,"date":"2024-07-16T08:57:32","date_gmt":"2024-07-16T05:57:32","guid":{"rendered":"https:\/\/imgezen.com\/?page_id=3459"},"modified":"2024-07-16T09:00:46","modified_gmt":"2024-07-16T06:00:46","slug":"gorence-dergisi-sayi-23","status":"publish","type":"page","link":"https:\/\/imgezen.com\/index.php\/gorence-dergisi-sayi-23\/","title":{"rendered":"G\u00d6RENCE DERG\u0130S\u0130 SAYI: 23"},"content":{"rendered":"\n<div class=\"_df_book df-lite\" id=\"df_3456\"  _slug=\"temmuz-2024\" data-title=\"temmuz-2024\" wpoptions=\"true\" thumbtype=\"\" ><\/div><script class=\"df-shortcode-script\" nowprocket type=\"application\/javascript\">window.option_df_3456 = {\"outline\":[],\"autoEnableOutline\":\"false\",\"autoEnableThumbnail\":\"false\",\"overwritePDFOutline\":\"false\",\"direction\":\"1\",\"pageSize\":\"0\",\"source\":\"https:\\\/\\\/imgezen.com\\\/wp-content\\\/uploads\\\/2024\\\/07\\\/Gorence-Temmuz-23.sayi-2024re.pdf\",\"wpOptions\":\"true\"}; if(window.DFLIP && window.DFLIP.parseBooks){window.DFLIP.parseBooks();}<\/script>\n\n\n\n<p><\/p>\n","protected":false},"excerpt":{"rendered":"window.option_df_3456 = {\"outline\":[],\"autoEnableOutline\":\"false\",\"autoEnableThumbnail\":\"false\",\"overwritePDFOutline\":\"false\",\"direction\":\"1\",\"pageSize\":\"0\",\"source\":\"https:\\\/\\\/imgezen.com\\\/wp-content\\\/uploads\\\/2024\\\/07\\\/Gorence-Temmuz-23.sayi-2024re.pdf\",\"wpOptions\":\"true\"}; if(window.DFLIP && window.DFLIP.parseBooks){window.DFLIP.parseBooks();}","protected":false},"author":1,"featured_media":0,"parent":0,"menu_order":0,"comment_status":"closed","ping_status":"closed","template":"","meta":[],"_links":{"self":[{"href":"https:\/\/imgezen.com\/index.php\/wp-json\/wp\/v2\/pages\/3459"}],"collection":[{"href":"https:\/\/imgezen.com\/index.php\/wp-json\/wp\/v2\/pages"}],"about":[{"href":"https:\/\/imgezen.com\/index.php\/wp-json\/wp\/v2\/types\/page"}],"author":[{"embeddable":true,"href":"https:\/\/imgezen.com\/index.php\/wp-json\/wp\/v2\/users\/1"}],"replies":[{"embeddable":true,"href":"https:\/\/imgezen.com\/index.php\/wp-json\/wp\/v2\/comments?post=3459"}],"version-history":[{"count":2,"href":"https:\/\/imgezen.com\/index.php\/wp-json\/wp\/v2\/pages\/3459\/revisions"}],"predecessor-version":[{"id":3461,"href":"https:\/\/imgezen.com\/index.php\/wp-json\/wp\/v2\/pages\/3459\/revisions\/3461"}],"wp:attachment":[{"href":"https:\/\/imgezen.com\/index.php\/wp-json\/wp\/v2\/media?parent=3459"}],"curies":[{"name":"wp","href":"https:\/\/api.w.org\/{rel}","templated":true}]}}