{"id":3434,"date":"2024-05-15T07:03:34","date_gmt":"2024-05-15T04:03:34","guid":{"rendered":"https:\/\/imgezen.com\/?page_id=3434"},"modified":"2026-04-20T13:13:52","modified_gmt":"2026-04-20T10:13:52","slug":"gorence-dergisi-sayi-21","status":"publish","type":"page","link":"https:\/\/imgezen.com\/index.php\/gorence-dergisi-sayi-21\/","title":{"rendered":"G\u00d6RENCE DERG\u0130S\u0130 SAYI: 21"},"content":{"rendered":"\n<div class=\"_df_book df-lite\" id=\"df_3436\"  _slug=\"mayis-2024\" data-title=\"mayis-2024\" wpoptions=\"true\" thumbtype=\"\" ><\/div><script class=\"df-shortcode-script\" nowprocket type=\"application\/javascript\">window.option_df_3436 = {\"outline\":[],\"autoEnableOutline\":\"false\",\"autoEnableThumbnail\":\"false\",\"overwritePDFOutline\":\"false\",\"direction\":\"1\",\"pageSize\":\"0\",\"source\":\"https:\\\/\\\/imgezen.com\\\/wp-content\\\/uploads\\\/2024\\\/05\\\/Gorence-Mayis-21.sayi-2024_.pdf\",\"wpOptions\":\"true\"}; if(window.DFLIP && window.DFLIP.parseBooks){window.DFLIP.parseBooks();}<\/script>\n\n\n\n<div class=\"wp-block-file\"><object class=\"wp-block-file__embed\" data=\"https:\/\/imgezen.com\/wp-content\/uploads\/2024\/05\/Gorence-Mayis-21.sayi-2024_.pdf\" type=\"application\/pdf\" style=\"width:100%;height:600px\" aria-label=\"G\u00f6rence May\u0131s-21.say\u0131 2024_ g\u00f6m\u00fcs\u00fc.\"><\/object><a id=\"wp-block-file--media-fd73a8bc-cc06-4846-9e4d-4f1fb999eb14\" href=\"https:\/\/imgezen.com\/wp-content\/uploads\/2024\/05\/Gorence-Mayis-21.sayi-2024_.pdf\">G\u00f6rence May\u0131s-21.say\u0131 2024_<\/a><a href=\"https:\/\/imgezen.com\/wp-content\/uploads\/2024\/05\/Gorence-Mayis-21.sayi-2024_.pdf\" class=\"wp-block-file__button wp-element-button\" download aria-describedby=\"wp-block-file--media-fd73a8bc-cc06-4846-9e4d-4f1fb999eb14\">\u0130ndir<\/a><\/div>\n","protected":false},"excerpt":{"rendered":"window.option_df_3436 = {\"outline\":[],\"autoEnableOutline\":\"false\",\"autoEnableThumbnail\":\"false\",\"overwritePDFOutline\":\"false\",\"direction\":\"1\",\"pageSize\":\"0\",\"source\":\"https:\\\/\\\/imgezen.com\\\/wp-content\\\/uploads\\\/2024\\\/05\\\/Gorence-Mayis-21.sayi-2024_.pdf\",\"wpOptions\":\"true\"}; if(window.DFLIP && window.DFLIP.parseBooks){window.DFLIP.parseBooks();} G\u00f6rence May\u0131s-21.say\u0131 2024_\u0130ndir","protected":false},"author":1,"featured_media":0,"parent":0,"menu_order":0,"comment_status":"closed","ping_status":"closed","template":"","meta":[],"_links":{"self":[{"href":"https:\/\/imgezen.com\/index.php\/wp-json\/wp\/v2\/pages\/3434"}],"collection":[{"href":"https:\/\/imgezen.com\/index.php\/wp-json\/wp\/v2\/pages"}],"about":[{"href":"https:\/\/imgezen.com\/index.php\/wp-json\/wp\/v2\/types\/page"}],"author":[{"embeddable":true,"href":"https:\/\/imgezen.com\/index.php\/wp-json\/wp\/v2\/users\/1"}],"replies":[{"embeddable":true,"href":"https:\/\/imgezen.com\/index.php\/wp-json\/wp\/v2\/comments?post=3434"}],"version-history":[{"count":3,"href":"https:\/\/imgezen.com\/index.php\/wp-json\/wp\/v2\/pages\/3434\/revisions"}],"predecessor-version":[{"id":3720,"href":"https:\/\/imgezen.com\/index.php\/wp-json\/wp\/v2\/pages\/3434\/revisions\/3720"}],"wp:attachment":[{"href":"https:\/\/imgezen.com\/index.php\/wp-json\/wp\/v2\/media?parent=3434"}],"curies":[{"name":"wp","href":"https:\/\/api.w.org\/{rel}","templated":true}]}}