{"id":3343,"date":"2023-09-28T08:06:31","date_gmt":"2023-09-28T05:06:31","guid":{"rendered":"http:\/\/imgezen.com\/?page_id=3343"},"modified":"2023-09-28T08:16:32","modified_gmt":"2023-09-28T05:16:32","slug":"gorence-dergisi-sayi-13","status":"publish","type":"page","link":"https:\/\/imgezen.com\/index.php\/gorence-dergisi-sayi-13\/","title":{"rendered":"G\u00d6RENCE DERG\u0130S\u0130 SAYI: 13"},"content":{"rendered":"\n<div class=\"_df_book df-lite\" id=\"df_3339\"  _slug=\"eylul-2023\" data-title=\"eylul-2023\" wpoptions=\"true\" thumbtype=\"\" ><\/div><script class=\"df-shortcode-script\" nowprocket type=\"application\/javascript\">window.option_df_3339 = {\"outline\":[],\"autoEnableOutline\":\"false\",\"autoEnableThumbnail\":\"false\",\"overwritePDFOutline\":\"false\",\"direction\":\"1\",\"pageSize\":\"0\",\"source\":\"http:\\\/\\\/imgezen.com\\\/wp-content\\\/uploads\\\/2023\\\/09\\\/Gorence-Eylul-13.sayi-2023-2a.pdf\",\"wpOptions\":\"true\"}; if(window.DFLIP && window.DFLIP.parseBooks){window.DFLIP.parseBooks();}<\/script>\n\n\n\n<div class=\"wp-block-file\"><object class=\"wp-block-file__embed\" data=\"http:\/\/imgezen.com\/wp-content\/uploads\/2023\/09\/Gorence-Eylul-13.sayi-2023r.pdf\" type=\"application\/pdf\" style=\"width:100%;height:600px\" aria-label=\"G\u00f6rence Eyl\u00fcl- 13.say\u0131 2023r g\u00f6m\u00fcs\u00fc.\"><\/object><a id=\"wp-block-file--media-fea5c8c1-8be1-4fc5-be77-cde2bf6310cf\" href=\"http:\/\/imgezen.com\/wp-content\/uploads\/2023\/09\/Gorence-Eylul-13.sayi-2023r.pdf\">G\u00f6rence Eyl\u00fcl- 13.say\u0131 2023r<\/a><a href=\"http:\/\/imgezen.com\/wp-content\/uploads\/2023\/09\/Gorence-Eylul-13.sayi-2023r.pdf\" class=\"wp-block-file__button wp-element-button\" download aria-describedby=\"wp-block-file--media-fea5c8c1-8be1-4fc5-be77-cde2bf6310cf\">\u0130ndir<\/a><\/div>\n","protected":false},"excerpt":{"rendered":"window.option_df_3339 = {\"outline\":[],\"autoEnableOutline\":\"false\",\"autoEnableThumbnail\":\"false\",\"overwritePDFOutline\":\"false\",\"direction\":\"1\",\"pageSize\":\"0\",\"source\":\"http:\\\/\\\/imgezen.com\\\/wp-content\\\/uploads\\\/2023\\\/09\\\/Gorence-Eylul-13.sayi-2023-2a.pdf\",\"wpOptions\":\"true\"}; if(window.DFLIP && window.DFLIP.parseBooks){window.DFLIP.parseBooks();} G\u00f6rence Eyl\u00fcl- 13.say\u0131 2023r\u0130ndir","protected":false},"author":1,"featured_media":0,"parent":0,"menu_order":0,"comment_status":"closed","ping_status":"closed","template":"","meta":[],"_links":{"self":[{"href":"https:\/\/imgezen.com\/index.php\/wp-json\/wp\/v2\/pages\/3343"}],"collection":[{"href":"https:\/\/imgezen.com\/index.php\/wp-json\/wp\/v2\/pages"}],"about":[{"href":"https:\/\/imgezen.com\/index.php\/wp-json\/wp\/v2\/types\/page"}],"author":[{"embeddable":true,"href":"https:\/\/imgezen.com\/index.php\/wp-json\/wp\/v2\/users\/1"}],"replies":[{"embeddable":true,"href":"https:\/\/imgezen.com\/index.php\/wp-json\/wp\/v2\/comments?post=3343"}],"version-history":[{"count":3,"href":"https:\/\/imgezen.com\/index.php\/wp-json\/wp\/v2\/pages\/3343\/revisions"}],"predecessor-version":[{"id":3348,"href":"https:\/\/imgezen.com\/index.php\/wp-json\/wp\/v2\/pages\/3343\/revisions\/3348"}],"wp:attachment":[{"href":"https:\/\/imgezen.com\/index.php\/wp-json\/wp\/v2\/media?parent=3343"}],"curies":[{"name":"wp","href":"https:\/\/api.w.org\/{rel}","templated":true}]}}