{"id":3329,"date":"2023-08-21T09:19:16","date_gmt":"2023-08-21T06:19:16","guid":{"rendered":"http:\/\/imgezen.com\/?page_id=3329"},"modified":"2023-08-21T09:19:16","modified_gmt":"2023-08-21T06:19:16","slug":"gorence-dergisi-sayi-12","status":"publish","type":"page","link":"https:\/\/imgezen.com\/index.php\/gorence-dergisi-sayi-12\/","title":{"rendered":"G\u00d6RENCE DERG\u0130S\u0130 SAYI: 12"},"content":{"rendered":"\n<div class=\"_df_book df-lite\" id=\"df_3325\"  _slug=\"agustos-2023\" data-title=\"agustos-2023\" wpoptions=\"true\" thumbtype=\"\" ><\/div><script class=\"df-shortcode-script\" nowprocket type=\"application\/javascript\">window.option_df_3325 = {\"outline\":[],\"autoEnableOutline\":\"false\",\"autoEnableThumbnail\":\"false\",\"overwritePDFOutline\":\"false\",\"direction\":\"1\",\"pageSize\":\"0\",\"source\":\"https:\\\/\\\/imgezen.com\\\/wp-content\\\/uploads\\\/2023\\\/08\\\/Gorence-Agustos-12R-2023.pdf\",\"wpOptions\":\"true\"}; if(window.DFLIP && window.DFLIP.parseBooks){window.DFLIP.parseBooks();}<\/script>\n\n\n\n<p><\/p>\n","protected":false},"excerpt":{"rendered":"window.option_df_3325 = {\"outline\":[],\"autoEnableOutline\":\"false\",\"autoEnableThumbnail\":\"false\",\"overwritePDFOutline\":\"false\",\"direction\":\"1\",\"pageSize\":\"0\",\"source\":\"https:\\\/\\\/imgezen.com\\\/wp-content\\\/uploads\\\/2023\\\/08\\\/Gorence-Agustos-12R-2023.pdf\",\"wpOptions\":\"true\"}; if(window.DFLIP && window.DFLIP.parseBooks){window.DFLIP.parseBooks();}","protected":false},"author":1,"featured_media":0,"parent":0,"menu_order":0,"comment_status":"closed","ping_status":"closed","template":"","meta":[],"_links":{"self":[{"href":"https:\/\/imgezen.com\/index.php\/wp-json\/wp\/v2\/pages\/3329"}],"collection":[{"href":"https:\/\/imgezen.com\/index.php\/wp-json\/wp\/v2\/pages"}],"about":[{"href":"https:\/\/imgezen.com\/index.php\/wp-json\/wp\/v2\/types\/page"}],"author":[{"embeddable":true,"href":"https:\/\/imgezen.com\/index.php\/wp-json\/wp\/v2\/users\/1"}],"replies":[{"embeddable":true,"href":"https:\/\/imgezen.com\/index.php\/wp-json\/wp\/v2\/comments?post=3329"}],"version-history":[{"count":1,"href":"https:\/\/imgezen.com\/index.php\/wp-json\/wp\/v2\/pages\/3329\/revisions"}],"predecessor-version":[{"id":3330,"href":"https:\/\/imgezen.com\/index.php\/wp-json\/wp\/v2\/pages\/3329\/revisions\/3330"}],"wp:attachment":[{"href":"https:\/\/imgezen.com\/index.php\/wp-json\/wp\/v2\/media?parent=3329"}],"curies":[{"name":"wp","href":"https:\/\/api.w.org\/{rel}","templated":true}]}}