{"id":3305,"date":"2023-06-08T06:39:32","date_gmt":"2023-06-08T03:39:32","guid":{"rendered":"http:\/\/imgezen.com\/?page_id=3305"},"modified":"2023-10-16T10:06:16","modified_gmt":"2023-10-16T07:06:16","slug":"gorence-dergisi-sayi10","status":"publish","type":"page","link":"https:\/\/imgezen.com\/index.php\/gorence-dergisi-sayi10\/","title":{"rendered":"G\u00d6RENCE DERG\u0130S\u0130 SAYI:10"},"content":{"rendered":"\n<div class=\"_df_book df-lite\" id=\"df_3301\"  _slug=\"3301\" data-title=\"haziran-2023\" wpoptions=\"true\" thumbtype=\"\" ><\/div><script class=\"df-shortcode-script\" nowprocket type=\"application\/javascript\">window.option_df_3301 = {\"outline\":[],\"autoEnableOutline\":\"false\",\"autoEnableThumbnail\":\"false\",\"overwritePDFOutline\":\"false\",\"direction\":\"1\",\"pageSize\":\"0\",\"source\":\"https:\\\/\\\/imgezen.com\\\/wp-content\\\/uploads\\\/2023\\\/06\\\/Gorence-Haziran-10R-2023.pdf\",\"wpOptions\":\"true\"}; if(window.DFLIP && window.DFLIP.parseBooks){window.DFLIP.parseBooks();}<\/script>\n","protected":false},"excerpt":{"rendered":"window.option_df_3301 = {\"outline\":[],\"autoEnableOutline\":\"false\",\"autoEnableThumbnail\":\"false\",\"overwritePDFOutline\":\"false\",\"direction\":\"1\",\"pageSize\":\"0\",\"source\":\"https:\\\/\\\/imgezen.com\\\/wp-content\\\/uploads\\\/2023\\\/06\\\/Gorence-Haziran-10R-2023.pdf\",\"wpOptions\":\"true\"}; if(window.DFLIP && window.DFLIP.parseBooks){window.DFLIP.parseBooks();}","protected":false},"author":1,"featured_media":0,"parent":0,"menu_order":0,"comment_status":"closed","ping_status":"closed","template":"","meta":[],"_links":{"self":[{"href":"https:\/\/imgezen.com\/index.php\/wp-json\/wp\/v2\/pages\/3305"}],"collection":[{"href":"https:\/\/imgezen.com\/index.php\/wp-json\/wp\/v2\/pages"}],"about":[{"href":"https:\/\/imgezen.com\/index.php\/wp-json\/wp\/v2\/types\/page"}],"author":[{"embeddable":true,"href":"https:\/\/imgezen.com\/index.php\/wp-json\/wp\/v2\/users\/1"}],"replies":[{"embeddable":true,"href":"https:\/\/imgezen.com\/index.php\/wp-json\/wp\/v2\/comments?post=3305"}],"version-history":[{"count":1,"href":"https:\/\/imgezen.com\/index.php\/wp-json\/wp\/v2\/pages\/3305\/revisions"}],"predecessor-version":[{"id":3306,"href":"https:\/\/imgezen.com\/index.php\/wp-json\/wp\/v2\/pages\/3305\/revisions\/3306"}],"wp:attachment":[{"href":"https:\/\/imgezen.com\/index.php\/wp-json\/wp\/v2\/media?parent=3305"}],"curies":[{"name":"wp","href":"https:\/\/api.w.org\/{rel}","templated":true}]}}