{"id":3270,"date":"2023-04-19T08:04:23","date_gmt":"2023-04-19T05:04:23","guid":{"rendered":"https:\/\/imgezen.com\/?page_id=3270"},"modified":"2023-04-19T08:04:54","modified_gmt":"2023-04-19T05:04:54","slug":"gorence-dergisi-sayi-8","status":"publish","type":"page","link":"https:\/\/imgezen.com\/index.php\/gorence-dergisi-sayi-8\/","title":{"rendered":"G\u00d6RENCE DERG\u0130S\u0130 SAYI: 8"},"content":{"rendered":"\n<div class=\"_df_book df-lite\" id=\"df_3264\"  _slug=\"nisan-2023\" data-title=\"nisan-2023\" wpoptions=\"true\" thumbtype=\"\" ><\/div><script class=\"df-shortcode-script\" nowprocket type=\"application\/javascript\">window.option_df_3264 = {\"outline\":[],\"autoEnableOutline\":\"false\",\"autoEnableThumbnail\":\"false\",\"overwritePDFOutline\":\"false\",\"direction\":\"1\",\"pageSize\":\"0\",\"source\":\"http:\\\/\\\/imgezen.com\\\/wp-content\\\/uploads\\\/2023\\\/04\\\/Gorence_Nisan-2023.pdf\",\"wpOptions\":\"true\"}; if(window.DFLIP && window.DFLIP.parseBooks){window.DFLIP.parseBooks();}<\/script>\n\n\n\n<div class=\"wp-block-file\"><object class=\"wp-block-file__embed\" data=\"http:\/\/imgezen.com\/wp-content\/uploads\/2023\/04\/Gorence_Nisan-2023.pdf\" type=\"application\/pdf\" style=\"width:100%;height:600px\" aria-label=\"Gorence_Nisan-2023 g\u00f6m\u00fcs\u00fc.\"><\/object><a id=\"wp-block-file--media-3906a8ab-de56-496c-9ff5-7d4b3f542c87\" href=\"http:\/\/imgezen.com\/wp-content\/uploads\/2023\/04\/Gorence_Nisan-2023.pdf\">Gorence_Nisan-2023<\/a><a href=\"http:\/\/imgezen.com\/wp-content\/uploads\/2023\/04\/Gorence_Nisan-2023.pdf\" class=\"wp-block-file__button wp-element-button\" download aria-describedby=\"wp-block-file--media-3906a8ab-de56-496c-9ff5-7d4b3f542c87\">\u0130ndir<\/a><\/div>\n","protected":false},"excerpt":{"rendered":"window.option_df_3264 = {\"outline\":[],\"autoEnableOutline\":\"false\",\"autoEnableThumbnail\":\"false\",\"overwritePDFOutline\":\"false\",\"direction\":\"1\",\"pageSize\":\"0\",\"source\":\"http:\\\/\\\/imgezen.com\\\/wp-content\\\/uploads\\\/2023\\\/04\\\/Gorence_Nisan-2023.pdf\",\"wpOptions\":\"true\"}; if(window.DFLIP && window.DFLIP.parseBooks){window.DFLIP.parseBooks();} Gorence_Nisan-2023\u0130ndir","protected":false},"author":1,"featured_media":0,"parent":0,"menu_order":0,"comment_status":"closed","ping_status":"closed","template":"","meta":[],"_links":{"self":[{"href":"https:\/\/imgezen.com\/index.php\/wp-json\/wp\/v2\/pages\/3270"}],"collection":[{"href":"https:\/\/imgezen.com\/index.php\/wp-json\/wp\/v2\/pages"}],"about":[{"href":"https:\/\/imgezen.com\/index.php\/wp-json\/wp\/v2\/types\/page"}],"author":[{"embeddable":true,"href":"https:\/\/imgezen.com\/index.php\/wp-json\/wp\/v2\/users\/1"}],"replies":[{"embeddable":true,"href":"https:\/\/imgezen.com\/index.php\/wp-json\/wp\/v2\/comments?post=3270"}],"version-history":[{"count":2,"href":"https:\/\/imgezen.com\/index.php\/wp-json\/wp\/v2\/pages\/3270\/revisions"}],"predecessor-version":[{"id":3272,"href":"https:\/\/imgezen.com\/index.php\/wp-json\/wp\/v2\/pages\/3270\/revisions\/3272"}],"wp:attachment":[{"href":"https:\/\/imgezen.com\/index.php\/wp-json\/wp\/v2\/media?parent=3270"}],"curies":[{"name":"wp","href":"https:\/\/api.w.org\/{rel}","templated":true}]}}