{"id":3234,"date":"2023-02-13T07:44:33","date_gmt":"2023-02-13T04:44:33","guid":{"rendered":"https:\/\/imgezen.com\/?page_id=3234"},"modified":"2023-05-09T08:12:20","modified_gmt":"2023-05-09T05:12:20","slug":"gorence-dergisi-sayi-6","status":"publish","type":"page","link":"https:\/\/imgezen.com\/index.php\/gorence-dergisi-sayi-6\/","title":{"rendered":"G\u00d6RENCE DERG\u0130S\u0130 SAYI: 6"},"content":{"rendered":"\n<div class=\"_df_book df-lite\" id=\"df_3229\"  _slug=\"subat-2023\" data-title=\"subat-2023\" wpoptions=\"true\" thumbtype=\"\" ><\/div><script class=\"df-shortcode-script\" nowprocket type=\"application\/javascript\">window.option_df_3229 = {\"outline\":[],\"autoEnableOutline\":\"false\",\"autoEnableThumbnail\":\"false\",\"overwritePDFOutline\":\"false\",\"direction\":\"1\",\"pageSize\":\"0\",\"source\":\"http:\\\/\\\/imgezen.com\\\/wp-content\\\/uploads\\\/2023\\\/02\\\/Gorence-Subat-2023-1.pdf\",\"wpOptions\":\"true\"}; if(window.DFLIP && window.DFLIP.parseBooks){window.DFLIP.parseBooks();}<\/script>\n\n\n\n<div class=\"wp-block-file\"><object class=\"wp-block-file__embed\" data=\"http:\/\/imgezen.com\/wp-content\/uploads\/2023\/02\/Gorence-Subat-2023-1.pdf\" type=\"application\/pdf\" style=\"width:100%;height:600px\" aria-label=\"Go\u0308rence S\u0327ubat-2023 g\u00f6m\u00fcs\u00fc.\"><\/object><a id=\"wp-block-file--media-174d5816-7faf-468e-b554-f70cfa20d61e\" href=\"http:\/\/imgezen.com\/wp-content\/uploads\/2023\/02\/Gorence-Subat-2023-1.pdf\">Go\u0308rence S\u0327ubat-2023<\/a><a href=\"http:\/\/imgezen.com\/wp-content\/uploads\/2023\/02\/Gorence-Subat-2023-1.pdf\" class=\"wp-block-file__button wp-element-button\" download aria-describedby=\"wp-block-file--media-174d5816-7faf-468e-b554-f70cfa20d61e\">\u0130ndir<\/a><\/div>\n","protected":false},"excerpt":{"rendered":"window.option_df_3229 = {\"outline\":[],\"autoEnableOutline\":\"false\",\"autoEnableThumbnail\":\"false\",\"overwritePDFOutline\":\"false\",\"direction\":\"1\",\"pageSize\":\"0\",\"source\":\"http:\\\/\\\/imgezen.com\\\/wp-content\\\/uploads\\\/2023\\\/02\\\/Gorence-Subat-2023-1.pdf\",\"wpOptions\":\"true\"}; if(window.DFLIP && window.DFLIP.parseBooks){window.DFLIP.parseBooks();} Go\u0308rence S\u0327ubat-2023\u0130ndir","protected":false},"author":1,"featured_media":0,"parent":0,"menu_order":0,"comment_status":"closed","ping_status":"closed","template":"","meta":[],"_links":{"self":[{"href":"https:\/\/imgezen.com\/index.php\/wp-json\/wp\/v2\/pages\/3234"}],"collection":[{"href":"https:\/\/imgezen.com\/index.php\/wp-json\/wp\/v2\/pages"}],"about":[{"href":"https:\/\/imgezen.com\/index.php\/wp-json\/wp\/v2\/types\/page"}],"author":[{"embeddable":true,"href":"https:\/\/imgezen.com\/index.php\/wp-json\/wp\/v2\/users\/1"}],"replies":[{"embeddable":true,"href":"https:\/\/imgezen.com\/index.php\/wp-json\/wp\/v2\/comments?post=3234"}],"version-history":[{"count":3,"href":"https:\/\/imgezen.com\/index.php\/wp-json\/wp\/v2\/pages\/3234\/revisions"}],"predecessor-version":[{"id":3297,"href":"https:\/\/imgezen.com\/index.php\/wp-json\/wp\/v2\/pages\/3234\/revisions\/3297"}],"wp:attachment":[{"href":"https:\/\/imgezen.com\/index.php\/wp-json\/wp\/v2\/media?parent=3234"}],"curies":[{"name":"wp","href":"https:\/\/api.w.org\/{rel}","templated":true}]}}