{"id":3188,"date":"2022-11-11T08:41:24","date_gmt":"2022-11-11T05:41:24","guid":{"rendered":"https:\/\/imgezen.com\/?page_id=3188"},"modified":"2022-11-11T08:41:24","modified_gmt":"2022-11-11T05:41:24","slug":"gorence-dergisi-kasim-2022-ozel-sayi","status":"publish","type":"page","link":"https:\/\/imgezen.com\/index.php\/gorence-dergisi-kasim-2022-ozel-sayi\/","title":{"rendered":"G\u00d6RENCE DERG\u0130S\u0130 KASIM 2022 \u00d6ZEL SAYI"},"content":{"rendered":"\n<div class=\"_df_book df-lite\" id=\"df_3170\"  _slug=\"kasim-2022-ozel-sayi\" data-title=\"kasim-2022-ozel-sayi\" wpoptions=\"true\" thumbtype=\"\" ><\/div><script class=\"df-shortcode-script\" nowprocket type=\"application\/javascript\">window.option_df_3170 = {\"outline\":[],\"autoEnableOutline\":\"false\",\"autoEnableThumbnail\":\"false\",\"overwritePDFOutline\":\"false\",\"direction\":\"1\",\"pageSize\":\"0\",\"source\":\"http:\\\/\\\/imgezen.com\\\/wp-content\\\/uploads\\\/2022\\\/11\\\/Go\\u0308rence-Kasim-2022-O\\u0308zel-Sayi.pdf\",\"wpOptions\":\"true\"}; if(window.DFLIP && window.DFLIP.parseBooks){window.DFLIP.parseBooks();}<\/script>\n\n\n\n<div class=\"wp-block-file\"><object class=\"wp-block-file__embed\" data=\"http:\/\/imgezen.com\/wp-content\/uploads\/2022\/11\/Go\u0308rence-Kasim-2022-O\u0308zel-Sayi.pdf\" type=\"application\/pdf\" style=\"width:100%;height:600px\" aria-label=\"Go\u0308rence Kas\u0131m-2022 O\u0308zel Say\u0131 g\u00f6m\u00fcs\u00fc. g\u00f6m\u00fcs\u00fc.\"><\/object><a id=\"wp-block-file--media-fe7cc781-d4b9-4154-883c-4748418537a6\" href=\"http:\/\/imgezen.com\/wp-content\/uploads\/2022\/11\/Go\u0308rence-Kasim-2022-O\u0308zel-Sayi.pdf\">Go\u0308rence Kas\u0131m-2022 O\u0308zel Say\u0131<\/a><a href=\"http:\/\/imgezen.com\/wp-content\/uploads\/2022\/11\/Go\u0308rence-Kasim-2022-O\u0308zel-Sayi.pdf\" class=\"wp-block-file__button\" download aria-describedby=\"wp-block-file--media-fe7cc781-d4b9-4154-883c-4748418537a6\">\u0130ndir<\/a><\/div>\n","protected":false},"excerpt":{"rendered":"window.option_df_3170 = {\"outline\":[],\"autoEnableOutline\":\"false\",\"autoEnableThumbnail\":\"false\",\"overwritePDFOutline\":\"false\",\"direction\":\"1\",\"pageSize\":\"0\",\"source\":\"http:\\\/\\\/imgezen.com\\\/wp-content\\\/uploads\\\/2022\\\/11\\\/Go\\u0308rence-Kasim-2022-O\\u0308zel-Sayi.pdf\",\"wpOptions\":\"true\"}; if(window.DFLIP && window.DFLIP.parseBooks){window.DFLIP.parseBooks();} Go\u0308rence Kas\u0131m-2022 O\u0308zel Say\u0131\u0130ndir","protected":false},"author":1,"featured_media":0,"parent":0,"menu_order":0,"comment_status":"closed","ping_status":"closed","template":"","meta":[],"_links":{"self":[{"href":"https:\/\/imgezen.com\/index.php\/wp-json\/wp\/v2\/pages\/3188"}],"collection":[{"href":"https:\/\/imgezen.com\/index.php\/wp-json\/wp\/v2\/pages"}],"about":[{"href":"https:\/\/imgezen.com\/index.php\/wp-json\/wp\/v2\/types\/page"}],"author":[{"embeddable":true,"href":"https:\/\/imgezen.com\/index.php\/wp-json\/wp\/v2\/users\/1"}],"replies":[{"embeddable":true,"href":"https:\/\/imgezen.com\/index.php\/wp-json\/wp\/v2\/comments?post=3188"}],"version-history":[{"count":1,"href":"https:\/\/imgezen.com\/index.php\/wp-json\/wp\/v2\/pages\/3188\/revisions"}],"predecessor-version":[{"id":3189,"href":"https:\/\/imgezen.com\/index.php\/wp-json\/wp\/v2\/pages\/3188\/revisions\/3189"}],"wp:attachment":[{"href":"https:\/\/imgezen.com\/index.php\/wp-json\/wp\/v2\/media?parent=3188"}],"curies":[{"name":"wp","href":"https:\/\/api.w.org\/{rel}","templated":true}]}}