{"id":3181,"date":"2022-11-11T08:31:49","date_gmt":"2022-11-11T05:31:49","guid":{"rendered":"https:\/\/imgezen.com\/?page_id=3181"},"modified":"2022-11-11T08:31:50","modified_gmt":"2022-11-11T05:31:50","slug":"gorence-dergisi-sayi2","status":"publish","type":"page","link":"https:\/\/imgezen.com\/index.php\/gorence-dergisi-sayi2\/","title":{"rendered":"G\u00d6RENCE DERG\u0130S\u0130 SAYI:2"},"content":{"rendered":"\n<div class=\"_df_book df-lite\" id=\"df_3157\"  _slug=\"ekim-2022\" data-title=\"ekim-2022\" wpoptions=\"true\" thumbtype=\"\" ><\/div><script class=\"df-shortcode-script\" nowprocket type=\"application\/javascript\">window.option_df_3157 = {\"outline\":[],\"autoEnableOutline\":\"false\",\"autoEnableThumbnail\":\"false\",\"overwritePDFOutline\":\"false\",\"direction\":\"1\",\"pageSize\":\"0\",\"source\":\"http:\\\/\\\/imgezen.com\\\/wp-content\\\/uploads\\\/2022\\\/10\\\/Go\\u0308rence-Ekim-20221-2.pdf\",\"wpOptions\":\"true\"}; if(window.DFLIP && window.DFLIP.parseBooks){window.DFLIP.parseBooks();}<\/script>\n\n\n\n<div class=\"wp-block-file\"><object class=\"wp-block-file__embed\" data=\"http:\/\/imgezen.com\/wp-content\/uploads\/2022\/10\/Go\u0308rence-Ekim-20221-2.pdf\" type=\"application\/pdf\" style=\"width:100%;height:600px\" aria-label=\"Go\u0308rence Ekim-2022(1)-2 g\u00f6m\u00fcs\u00fc. g\u00f6m\u00fcs\u00fc.\"><\/object><a id=\"wp-block-file--media-a57f12b1-275a-4c39-8418-080828884333\" href=\"http:\/\/imgezen.com\/wp-content\/uploads\/2022\/10\/Go\u0308rence-Ekim-20221-2.pdf\">Go\u0308rence Ekim-2022(1)-2<\/a><a href=\"http:\/\/imgezen.com\/wp-content\/uploads\/2022\/10\/Go\u0308rence-Ekim-20221-2.pdf\" class=\"wp-block-file__button\" download aria-describedby=\"wp-block-file--media-a57f12b1-275a-4c39-8418-080828884333\">\u0130ndir<\/a><\/div>\n","protected":false},"excerpt":{"rendered":"window.option_df_3157 = {\"outline\":[],\"autoEnableOutline\":\"false\",\"autoEnableThumbnail\":\"false\",\"overwritePDFOutline\":\"false\",\"direction\":\"1\",\"pageSize\":\"0\",\"source\":\"http:\\\/\\\/imgezen.com\\\/wp-content\\\/uploads\\\/2022\\\/10\\\/Go\\u0308rence-Ekim-20221-2.pdf\",\"wpOptions\":\"true\"}; if(window.DFLIP && window.DFLIP.parseBooks){window.DFLIP.parseBooks();} Go\u0308rence Ekim-2022(1)-2\u0130ndir","protected":false},"author":1,"featured_media":0,"parent":0,"menu_order":0,"comment_status":"closed","ping_status":"closed","template":"","meta":[],"_links":{"self":[{"href":"https:\/\/imgezen.com\/index.php\/wp-json\/wp\/v2\/pages\/3181"}],"collection":[{"href":"https:\/\/imgezen.com\/index.php\/wp-json\/wp\/v2\/pages"}],"about":[{"href":"https:\/\/imgezen.com\/index.php\/wp-json\/wp\/v2\/types\/page"}],"author":[{"embeddable":true,"href":"https:\/\/imgezen.com\/index.php\/wp-json\/wp\/v2\/users\/1"}],"replies":[{"embeddable":true,"href":"https:\/\/imgezen.com\/index.php\/wp-json\/wp\/v2\/comments?post=3181"}],"version-history":[{"count":1,"href":"https:\/\/imgezen.com\/index.php\/wp-json\/wp\/v2\/pages\/3181\/revisions"}],"predecessor-version":[{"id":3182,"href":"https:\/\/imgezen.com\/index.php\/wp-json\/wp\/v2\/pages\/3181\/revisions\/3182"}],"wp:attachment":[{"href":"https:\/\/imgezen.com\/index.php\/wp-json\/wp\/v2\/media?parent=3181"}],"curies":[{"name":"wp","href":"https:\/\/api.w.org\/{rel}","templated":true}]}}