{"id":3178,"date":"2022-11-11T08:30:19","date_gmt":"2022-11-11T05:30:19","guid":{"rendered":"https:\/\/imgezen.com\/?page_id=3178"},"modified":"2022-11-11T09:01:51","modified_gmt":"2022-11-11T06:01:51","slug":"gorence-dergisi-sayi1","status":"publish","type":"page","link":"https:\/\/imgezen.com\/index.php\/gorence-dergisi-sayi1\/","title":{"rendered":"G\u00d6RENCE DERG\u0130S\u0130 SAYI:1"},"content":{"rendered":"\n<div class=\"_df_book df-lite\" id=\"df_3102\"  _slug=\"eylul-2022\" data-title=\"eylul-2022\" wpoptions=\"true\" thumbtype=\"\" ><\/div><script class=\"df-shortcode-script\" nowprocket type=\"application\/javascript\">window.option_df_3102 = {\"outline\":[],\"autoEnableOutline\":\"false\",\"autoEnableThumbnail\":\"false\",\"overwritePDFOutline\":\"false\",\"direction\":\"1\",\"pageSize\":\"0\",\"source\":\"http:\\\/\\\/imgezen.com\\\/wp-content\\\/uploads\\\/2022\\\/09\\\/VI\\u0307DEOSUZ-Go\\u0308rence-Eylu\\u0308l-2022-pdf.pdf\",\"wpOptions\":\"true\"}; if(window.DFLIP && window.DFLIP.parseBooks){window.DFLIP.parseBooks();}<\/script>\n\n\n\n<div class=\"wp-block-file\"><object class=\"wp-block-file__embed\" data=\"http:\/\/imgezen.com\/wp-content\/uploads\/2022\/09\/VI\u0307DEOSUZ-Go\u0308rence-Eylu\u0308l-2022-pdf.pdf\" type=\"application\/pdf\" style=\"width:100%;height:600px\" aria-label=\"Go\u0308rence Eylu\u0308l-2022 pdf g\u00f6m\u00fcs\u00fc. g\u00f6m\u00fcs\u00fc.\"><\/object><a id=\"wp-block-file--media-67d5c8c5-656e-4367-8659-ae392134bfa1\" href=\"http:\/\/imgezen.com\/wp-content\/uploads\/2022\/09\/VI\u0307DEOSUZ-Go\u0308rence-Eylu\u0308l-2022-pdf.pdf\">Go\u0308rence Eylu\u0308l-2022 pdf<\/a><a href=\"http:\/\/imgezen.com\/wp-content\/uploads\/2022\/09\/VI\u0307DEOSUZ-Go\u0308rence-Eylu\u0308l-2022-pdf.pdf\" class=\"wp-block-file__button\" download aria-describedby=\"wp-block-file--media-67d5c8c5-656e-4367-8659-ae392134bfa1\">\u0130ndir<\/a><\/div>\n","protected":false},"excerpt":{"rendered":"window.option_df_3102 = {\"outline\":[],\"autoEnableOutline\":\"false\",\"autoEnableThumbnail\":\"false\",\"overwritePDFOutline\":\"false\",\"direction\":\"1\",\"pageSize\":\"0\",\"source\":\"http:\\\/\\\/imgezen.com\\\/wp-content\\\/uploads\\\/2022\\\/09\\\/VI\\u0307DEOSUZ-Go\\u0308rence-Eylu\\u0308l-2022-pdf.pdf\",\"wpOptions\":\"true\"}; if(window.DFLIP && window.DFLIP.parseBooks){window.DFLIP.parseBooks();} Go\u0308rence Eylu\u0308l-2022 pdf\u0130ndir","protected":false},"author":1,"featured_media":0,"parent":0,"menu_order":0,"comment_status":"closed","ping_status":"closed","template":"","meta":[],"_links":{"self":[{"href":"https:\/\/imgezen.com\/index.php\/wp-json\/wp\/v2\/pages\/3178"}],"collection":[{"href":"https:\/\/imgezen.com\/index.php\/wp-json\/wp\/v2\/pages"}],"about":[{"href":"https:\/\/imgezen.com\/index.php\/wp-json\/wp\/v2\/types\/page"}],"author":[{"embeddable":true,"href":"https:\/\/imgezen.com\/index.php\/wp-json\/wp\/v2\/users\/1"}],"replies":[{"embeddable":true,"href":"https:\/\/imgezen.com\/index.php\/wp-json\/wp\/v2\/comments?post=3178"}],"version-history":[{"count":2,"href":"https:\/\/imgezen.com\/index.php\/wp-json\/wp\/v2\/pages\/3178\/revisions"}],"predecessor-version":[{"id":3200,"href":"https:\/\/imgezen.com\/index.php\/wp-json\/wp\/v2\/pages\/3178\/revisions\/3200"}],"wp:attachment":[{"href":"https:\/\/imgezen.com\/index.php\/wp-json\/wp\/v2\/media?parent=3178"}],"curies":[{"name":"wp","href":"https:\/\/api.w.org\/{rel}","templated":true}]}}