{"id":3099,"date":"2022-09-30T07:12:23","date_gmt":"2022-09-30T04:12:23","guid":{"rendered":"https:\/\/imgezen.com\/?page_id=3099"},"modified":"2026-05-09T10:46:45","modified_gmt":"2026-05-09T07:46:45","slug":"gorence-e-dergi","status":"publish","type":"page","link":"https:\/\/imgezen.com\/index.php\/gorence-e-dergi\/","title":{"rendered":"G\u00d6RENCE E-DERG\u0130"},"content":{"rendered":"\n<hr class=\"wp-block-separator has-alpha-channel-opacity\"\/>\n\n\n<p><a href=\"https:\/\/imgezen.com\/index.php\/gorence-dergisi-sayi1\/\">G\u00d6RENCE DERG\u0130S\u0130 SAYI:1<\/a><\/p>\n<p><a href=\"https:\/\/imgezen.com\/index.php\/gorence-dergisi-sayi2\/\">G\u00d6RENCE DERG\u0130S\u0130 SAYI:2<\/a><\/p>\n<p><a href=\"https:\/\/imgezen.com\/index.php\/gorence-dergisi-sayi3\/\">G\u00d6RENCE DERG\u0130S\u0130 SAYI:3<\/a><\/p>\n<p><a href=\"https:\/\/imgezen.com\/index.php\/gorence-dergisi-kasim-2022-ozel-sayi\/\">G\u00d6RENCE DERG\u0130S\u0130 KASIM 2022 \u00d6ZEL SAYI<\/a><\/p>\n<p><a href=\"https:\/\/imgezen.com\/index.php\/gorence-dergisi-sayi4\/\">G\u00d6RENCE DERG\u0130S\u0130 SAYI: 4<\/a><\/p>\n<p><a href=\"https:\/\/imgezen.com\/index.php\/gorence-dergisi-sayi5\/\">G\u00d6RENCE DERG\u0130S\u0130 SAYI: 5<\/a><\/p>\n<p><a href=\"https:\/\/imgezen.com\/index.php\/gorence-dergisi-sayi-6\/\">G\u00d6RENCE DERG\u0130S\u0130 SAYI: 6<\/a><\/p>\n<p><a href=\"https:\/\/imgezen.com\/index.php\/gorence-dergisi-sayi-7\/\">G\u00d6RENCE DERG\u0130S\u0130 SAYI:7<\/a><\/p>\n<p><a href=\"https:\/\/imgezen.com\/index.php\/gorence-dergisi-sayi-8\/\">G\u00d6RENCE DERG\u0130S\u0130 SAYI:8<\/a><\/p>\n<p><a href=\"https:\/\/imgezen.com\/index.php\/gorence-dergisi-sayi9\/\">G\u00d6RENCE DERG\u0130S\u0130 SAYI:9<\/a><\/p>\n\n\n<p><a href=\"https:\/\/imgezen.com\/index.php\/gorence-dergisi-sayi10\/\" data-type=\"URL\" data-id=\"https:\/\/imgezen.com\/index.php\/gorence-dergisi-sayi10\/\">G\u00d6RENCE DERG\u0130S\u0130 SAYI:10<\/a><\/p>\n\n\n\n<p><a href=\"http:\/\/imgezen.com\/index.php\/gorence-dergisi-sayi11\/\">G\u00d6RENCE DERG\u0130S\u0130 SAYI:11<\/a><\/p>\n\n\n\n<p><a href=\"https:\/\/imgezen.com\/index.php\/gorence-dergisi-sayi-12\/\" data-type=\"URL\" data-id=\"https:\/\/imgezen.com\/index.php\/gorence-dergisi-sayi-12\/\">G\u00d6RENCE DERG\u0130S\u0130 SAYI: 12<\/a><\/p>\n\n\n\n<p><a href=\"http:\/\/imgezen.com\/index.php\/gorence-dergisi-sayi-13\/\" data-type=\"URL\" data-id=\"http:\/\/imgezen.com\/index.php\/gorence-dergisi-sayi-13\/\">G\u00d6RENCE DERG\u0130S\u0130 SAYI: 13<\/a><\/p>\n\n\n\n<p><a href=\"https:\/\/imgezen.com\/index.php\/gorence-dergisi-sayi14\/\" data-type=\"page\" data-id=\"3362\">G\u00d6RENCE DERG\u0130S\u0130 SAYI:14<\/a><\/p>\n\n\n\n<p><a href=\"https:\/\/imgezen.com\/index.php\/gorence-dergisi-sayi15\/\" data-type=\"page\" data-id=\"3370\">G\u00d6RENCE DERG\u0130S\u0130 SAYI:15<\/a><\/p>\n\n\n\n<p><a href=\"https:\/\/imgezen.com\/index.php\/gorence-dergisi-sayi16\/\" data-type=\"page\" data-id=\"3380\">G\u00d6RENCE DERG\u0130S\u0130 SAYI:16<\/a><\/p>\n\n\n\n<p><a href=\"https:\/\/imgezen.com\/index.php\/gorence-dergisi-sayi17\/\" data-type=\"page\" data-id=\"3388\">G\u00d6RENCE DERG\u0130S\u0130 SAYI:17<\/a><\/p>\n\n\n\n<p><a href=\"https:\/\/imgezen.com\/index.php\/gorence-dergisi-sayi18\/\" data-type=\"page\" data-id=\"3398\">G\u00d6RENCE DERG\u0130S\u0130 SAYI:18<\/a><\/p>\n\n\n\n<p><a href=\"https:\/\/imgezen.com\/index.php\/gorence-dergisi-sayi-19\/\" data-type=\"page\" data-id=\"3407\">G\u00d6RENCE DERG\u0130S\u0130 SAYI: 19<\/a><\/p>\n\n\n\n<p><a href=\"https:\/\/imgezen.com\/index.php\/gorence-dergisi-sayi20\/\" data-type=\"page\" data-id=\"3426\">G\u00d6RENCE DERG\u0130S\u0130 SAYI: 20<\/a><\/p>\n\n\n\n<p><a href=\"https:\/\/imgezen.com\/index.php\/gorence-dergisi-sayi-21\/\" data-type=\"page\" data-id=\"3434\">G\u00d6RENCE DERG\u0130S\u0130 SAYI: 21<\/a><\/p>\n\n\n\n<p><a href=\"https:\/\/imgezen.com\/index.php\/gorence-dergisi-sayi22\/\" data-type=\"page\" data-id=\"3447\">G\u00d6RENCE DERG\u0130S\u0130 SAYI:22<\/a><\/p>\n\n\n\n<p><a href=\"https:\/\/imgezen.com\/index.php\/gorence-dergisi-sayi-23\/\" data-type=\"page\" data-id=\"3459\">G\u00d6RENCE DERG\u0130S\u0130 SAYI: 23<\/a><\/p>\n\n\n\n<p><a href=\"https:\/\/imgezen.com\/index.php\/gorence-dergisi-sayi-24\/\" data-type=\"page\" data-id=\"3467\">G\u00d6RENCE DERG\u0130S\u0130 SAYI:24<\/a><\/p>\n\n\n\n<p><a href=\"https:\/\/imgezen.com\/index.php\/gorence-dergisi-sayi26\/\" data-type=\"page\" data-id=\"3480\">G\u00d6RENCE DERG\u0130S\u0130 SAYI: 25<\/a><\/p>\n\n\n\n<p><a href=\"https:\/\/imgezen.com\/index.php\/gorence-dergisi-sayi-26\/\" data-type=\"page\" data-id=\"3490\">G\u00d6RENCE DERG\u0130S\u0130 SAYI:26<\/a><\/p>\n\n\n\n<p><a href=\"https:\/\/imgezen.com\/index.php\/gorence-dergisi-sayi27\/\" data-type=\"page\" data-id=\"3499\">G\u00d6RENCE DERG\u0130S\u0130 SAYI:27<\/a><\/p>\n\n\n\n<p><a href=\"https:\/\/imgezen.com\/index.php\/gorence-dergisi-sayi-28\/\" data-type=\"page\" data-id=\"3513\">G\u00d6RENCE DERG\u0130S\u0130 SAYI:28<\/a><\/p>\n\n\n\n<p><a href=\"https:\/\/imgezen.com\/index.php\/gorence-dergisi-sayi29\/\" data-type=\"page\" data-id=\"3523\">G\u00d6RENCE DERG\u0130S\u0130 SAYI: 29<\/a><\/p>\n\n\n\n<p><a href=\"https:\/\/imgezen.com\/index.php\/gorence-dergisi-sayi-30\/\" data-type=\"page\" data-id=\"3528\">G\u00d6RENCE DERG\u0130S\u0130 SAYI: 30<\/a><\/p>\n\n\n\n<p><a href=\"https:\/\/imgezen.com\/index.php\/gorence-dergisi-sayi31\/\" data-type=\"page\" data-id=\"3573\">G\u00d6RENCE DERG\u0130S\u0130 SAYI: 31<\/a><\/p>\n\n\n\n<p><a href=\"https:\/\/imgezen.com\/index.php\/gorence-dergisi-sayi-32\/\" data-type=\"page\" data-id=\"3584\">G\u00d6RENCE DERG\u0130S\u0130 SAYI: 32<\/a><\/p>\n\n\n\n<p><a href=\"https:\/\/imgezen.com\/index.php\/gorence-dergisi-sayi33\/\" data-type=\"page\" data-id=\"3593\">G\u00d6RENCE DERG\u0130S\u0130 SAYI:33<\/a><\/p>\n\n\n\n<p><a href=\"https:\/\/imgezen.com\/index.php\/gorence-dergisi-sayi-34\/\" data-type=\"page\" data-id=\"3602\">G\u00d6RENCE DERG\u0130S\u0130 SAYI:34<\/a><\/p>\n\n\n\n<p><a href=\"https:\/\/imgezen.com\/index.php\/gorence-dergisi-sayi-35\/\" data-type=\"page\" data-id=\"3620\">G\u00d6RENCE DERG\u0130S\u0130 SAYI: 35<\/a><\/p>\n\n\n\n<p><a href=\"https:\/\/imgezen.com\/index.php\/gorence-dergisi-sayi-36\/\" data-type=\"page\" data-id=\"3628\">G\u00d6RENCE DERG\u0130S\u0130 SAYI: 36<\/a><\/p>\n\n\n\n<p><a href=\"https:\/\/imgezen.com\/index.php\/gorece-dergisi-sayi-37\/\" data-type=\"page\" data-id=\"3638\">G\u00d6RENCE DERG\u0130S\u0130 SAYI: 37<\/a><\/p>\n\n\n\n<p><a href=\"https:\/\/imgezen.com\/index.php\/gorence-dergisi-sayi38\/\" data-type=\"page\" data-id=\"3647\">G\u00d6RENCE DERG\u0130S\u0130 SAYI:38<\/a><\/p>\n\n\n\n<p><a href=\"https:\/\/imgezen.com\/index.php\/gorence-dergisi-sayi39\/\" data-type=\"page\" data-id=\"3657\">G\u00d6RENCE DERG\u0130S\u0130 SAYI: 39<\/a><\/p>\n\n\n\n<p><a href=\"https:\/\/imgezen.com\/index.php\/gorence-dergisi-sayi-40\/\" data-type=\"page\" data-id=\"3668\">G\u00d6RENCE DERG\u0130S\u0130 SAYI: 40<\/a><\/p>\n\n\n\n<p><a href=\"https:\/\/imgezen.com\/index.php\/gorence-dergisi-sayi-41\/\" data-type=\"page\" data-id=\"3676\">G\u00d6RENCE DERG\u0130S\u0130 SAYI:41<\/a><\/p>\n\n\n\n<p><a href=\"https:\/\/imgezen.com\/index.php\/gorence-dergisi-sayi42\/\" data-type=\"page\" data-id=\"3686\">G\u00d6RENCE DERG\u0130S\u0130 SAYI: 42<\/a><\/p>\n\n\n\n<p><a href=\"https:\/\/imgezen.com\/index.php\/gorence-dergisi-sayi-43\/\" data-type=\"page\" data-id=\"3695\">G\u00d6RENCE DERG\u0130S\u0130 SAYI: 43<\/a><\/p>\n\n\n\n<p><a href=\"https:\/\/imgezen.com\/index.php\/gorence-dergisi-sayi-44\/\" data-type=\"page\" data-id=\"3708\">G\u00d6RENCE DERG\u0130S\u0130 SAYI: 44<\/a><\/p>\n\n\n\n<p><a href=\"https:\/\/imgezen.com\/index.php\/gorence-dergisi-sayi-45\/\" data-type=\"page\" data-id=\"3747\">G\u00d6RENCE DERG\u0130S\u0130 SAYI: 45<\/a><\/p>\n","protected":false},"excerpt":{"rendered":"<p>G\u00d6RENCE DERG\u0130S\u0130 SAYI:1 G\u00d6RENCE DERG\u0130S\u0130 SAYI:2 G\u00d6RENCE DERG\u0130S\u0130 SAYI:3 G\u00d6RENCE DERG\u0130S\u0130 KASIM 2022 \u00d6ZEL SAYI G\u00d6RENCE DERG\u0130S\u0130 SAYI: 4 G\u00d6RENCE DERG\u0130S\u0130 SAYI: 5 G\u00d6RENCE DERG\u0130S\u0130 SAYI: 6 G\u00d6RENCE DERG\u0130S\u0130 SAYI:7 G\u00d6RENCE DERG\u0130S\u0130 SAYI:8 G\u00d6RENCE DERG\u0130S\u0130 SAYI:9 G\u00d6RENCE DERG\u0130S\u0130 SAYI:10 G\u00d6RENCE DERG\u0130S\u0130 SAYI:11 G\u00d6RENCE DERG\u0130S\u0130 SAYI: 12 G\u00d6RENCE DERG\u0130S\u0130 SAYI: 13 G\u00d6RENCE DERG\u0130S\u0130 SAYI:14 G\u00d6RENCE DERG\u0130S\u0130 [&hellip;]<\/p>\n","protected":false},"author":1,"featured_media":0,"parent":0,"menu_order":0,"comment_status":"closed","ping_status":"closed","template":"","meta":[],"_links":{"self":[{"href":"https:\/\/imgezen.com\/index.php\/wp-json\/wp\/v2\/pages\/3099"}],"collection":[{"href":"https:\/\/imgezen.com\/index.php\/wp-json\/wp\/v2\/pages"}],"about":[{"href":"https:\/\/imgezen.com\/index.php\/wp-json\/wp\/v2\/types\/page"}],"author":[{"embeddable":true,"href":"https:\/\/imgezen.com\/index.php\/wp-json\/wp\/v2\/users\/1"}],"replies":[{"embeddable":true,"href":"https:\/\/imgezen.com\/index.php\/wp-json\/wp\/v2\/comments?post=3099"}],"version-history":[{"count":67,"href":"https:\/\/imgezen.com\/index.php\/wp-json\/wp\/v2\/pages\/3099\/revisions"}],"predecessor-version":[{"id":3756,"href":"https:\/\/imgezen.com\/index.php\/wp-json\/wp\/v2\/pages\/3099\/revisions\/3756"}],"wp:attachment":[{"href":"https:\/\/imgezen.com\/index.php\/wp-json\/wp\/v2\/media?parent=3099"}],"curies":[{"name":"wp","href":"https:\/\/api.w.org\/{rel}","templated":true}]}}